{"id":2468,"date":"2022-05-24T16:46:21","date_gmt":"2022-05-24T21:46:21","guid":{"rendered":"https:\/\/www.hv.com.co\/reportehv2021\/?page_id=2468"},"modified":"2022-05-31T16:42:17","modified_gmt":"2022-05-31T21:42:17","slug":"capitulo-4-generamos-valor-y-prosperidad","status":"publish","type":"page","link":"https:\/\/www.hv.com.co\/reportehv2021\/capitulo-4-generamos-valor-y-prosperidad\/","title":{"rendered":"Cap\u00edtulo 4 &#8211; Generamos valor y prosperidad"},"content":{"rendered":"\t\t<div data-elementor-type=\"wp-page\" data-elementor-id=\"2468\" class=\"elementor elementor-2468\" data-elementor-post-type=\"page\">\n\t\t\t\t\t\t<section class=\"elementor-section elementor-top-section elementor-element elementor-element-1c3c6bd elementor-section-full_width elementor-section-content-middle linea elementor-section-height-min-height elementor-section-items-stretch elementor-section-height-default\" data-id=\"1c3c6bd\" data-element_type=\"section\" data-settings=\"{&quot;background_background&quot;:&quot;classic&quot;}\">\n\t\t\t\t\t\t<div class=\"elementor-container elementor-column-gap-default\">\n\t\t\t\t\t<div class=\"elementor-column elementor-col-25 elementor-top-column elementor-element elementor-element-b6c6215\" data-id=\"b6c6215\" data-element_type=\"column\">\n\t\t\t<div class=\"elementor-widget-wrap elementor-element-populated\">\n\t\t\t\t\t\t<div class=\"elementor-element elementor-element-6859f7b elementor-widget elementor-widget-image\" data-id=\"6859f7b\" data-element_type=\"widget\" data-widget_type=\"image.default\">\n\t\t\t\t<div class=\"elementor-widget-container\">\n\t\t\t\t\t\t\t\t\t\t\t\t\t\t\t<img fetchpriority=\"high\" decoding=\"async\" width=\"569\" height=\"778\" src=\"https:\/\/www.hv.com.co\/reportehv2021\/wp-content\/uploads\/2022\/05\/simbolo-75a-gris.png\" class=\"attachment-full size-full wp-image-2470\" alt=\"\" srcset=\"https:\/\/www.hv.com.co\/reportehv2021\/wp-content\/uploads\/2022\/05\/simbolo-75a-gris.png 569w, https:\/\/www.hv.com.co\/reportehv2021\/wp-content\/uploads\/2022\/05\/simbolo-75a-gris-219x300.png 219w\" sizes=\"(max-width: 569px) 100vw, 569px\" \/>\t\t\t\t\t\t\t\t\t\t\t\t\t\t\t<\/div>\n\t\t\t\t<\/div>\n\t\t\t\t\t<\/div>\n\t\t<\/div>\n\t\t\t\t<div class=\"elementor-column elementor-col-25 elementor-top-column elementor-element elementor-element-2de8b30\" data-id=\"2de8b30\" data-element_type=\"column\" data-settings=\"{&quot;background_background&quot;:&quot;classic&quot;}\">\n\t\t\t<div class=\"elementor-widget-wrap elementor-element-populated\">\n\t\t\t\t\t\t<div class=\"elementor-element elementor-element-b49f363 elementor-widget elementor-widget-heading\" data-id=\"b49f363\" data-element_type=\"widget\" data-widget_type=\"heading.default\">\n\t\t\t\t<div class=\"elementor-widget-container\">\n\t\t\t\t\t<h3 class=\"elementor-heading-title elementor-size-default\">En estos 75 a\u00f1os hemos creado y distribuido  valor entre nuestros grupos de inter\u00e9s.<\/h3>\t\t\t\t<\/div>\n\t\t\t\t<\/div>\n\t\t\t\t<div class=\"elementor-element elementor-element-2016859 elementor-widget elementor-widget-text-editor\" data-id=\"2016859\" data-element_type=\"widget\" data-widget_type=\"text-editor.default\">\n\t\t\t\t<div class=\"elementor-widget-container\">\n\t\t\t\t\t\t\t\t\t<p><span style=\"font-weight: 400;\">Nuestra operaci\u00f3n apalanca la creaci\u00f3n de riqueza en el pa\u00eds a trav\u00e9s de compras a proveedores, pagos de impuestos en los municipios donde estamos, inversi\u00f3n social para las comunidades que lo necesitan, pago por intereses financieros y hemos invertido en salarios y beneficios para nuestros colaboradores y sus familias, generando empleo y desarrollo en el pa\u00eds. Por tal raz\u00f3n, entendemos que el reto de una empresa sostenible es ser cada vez m\u00e1s rentable en la medida que crea mayores valores y prosperidad para sus grupos de inter\u00e9s y la sociedad.<\/span><\/p>\t\t\t\t\t\t\t\t<\/div>\n\t\t\t\t<\/div>\n\t\t\t\t\t<\/div>\n\t\t<\/div>\n\t\t\t\t<div class=\"elementor-column elementor-col-50 elementor-top-column elementor-element elementor-element-f2112e3\" data-id=\"f2112e3\" data-element_type=\"column\" data-settings=\"{&quot;background_background&quot;:&quot;classic&quot;}\">\n\t\t\t<div class=\"elementor-widget-wrap elementor-element-populated\">\n\t\t\t\t\t\t<div class=\"elementor-element elementor-element-5189219 elementor-hidden-desktop elementor-hidden-tablet elementor-hidden-mobile elementor-widget elementor-widget-heading\" data-id=\"5189219\" data-element_type=\"widget\" data-widget_type=\"heading.default\">\n\t\t\t\t<div class=\"elementor-widget-container\">\n\t\t\t\t\t<h2 class=\"elementor-heading-title elementor-size-default\">4<\/h2>\t\t\t\t<\/div>\n\t\t\t\t<\/div>\n\t\t\t\t<div class=\"elementor-element elementor-element-991f419 elementor-hidden-desktop elementor-hidden-tablet elementor-hidden-mobile elementor-widget elementor-widget-heading\" data-id=\"991f419\" data-element_type=\"widget\" data-widget_type=\"heading.default\">\n\t\t\t\t<div class=\"elementor-widget-container\">\n\t\t\t\t\t<h2 class=\"elementor-heading-title elementor-size-default\">Cap\u00edtulo<\/h2>\t\t\t\t<\/div>\n\t\t\t\t<\/div>\n\t\t\t\t<div class=\"elementor-element elementor-element-7ce2156 elementor-hidden-desktop elementor-hidden-tablet elementor-hidden-mobile elementor-widget elementor-widget-heading\" data-id=\"7ce2156\" data-element_type=\"widget\" data-widget_type=\"heading.default\">\n\t\t\t\t<div class=\"elementor-widget-container\">\n\t\t\t\t\t<h2 class=\"elementor-heading-title elementor-size-default\">Generamos valor y prosperidad \n<\/h2>\t\t\t\t<\/div>\n\t\t\t\t<\/div>\n\t\t\t\t\t<\/div>\n\t\t<\/div>\n\t\t\t\t\t<\/div>\n\t\t<\/section>\n\t\t\t\t<section class=\"elementor-section elementor-top-section elementor-element elementor-element-e9d090d elementor-section-full_width elementor-section-height-default elementor-section-height-default\" data-id=\"e9d090d\" data-element_type=\"section\">\n\t\t\t\t\t\t<div class=\"elementor-container elementor-column-gap-default\">\n\t\t\t\t\t<div class=\"elementor-column elementor-col-50 elementor-top-column elementor-element elementor-element-1fc788e\" data-id=\"1fc788e\" data-element_type=\"column\">\n\t\t\t<div class=\"elementor-widget-wrap elementor-element-populated\">\n\t\t\t\t\t\t<div class=\"elementor-element elementor-element-61b9ec3 elementor-widget elementor-widget-heading\" data-id=\"61b9ec3\" data-element_type=\"widget\" data-widget_type=\"heading.default\">\n\t\t\t\t<div class=\"elementor-widget-container\">\n\t\t\t\t\t<h2 class=\"elementor-heading-title elementor-size-default\">Prosperidad<\/h2>\t\t\t\t<\/div>\n\t\t\t\t<\/div>\n\t\t\t\t<div class=\"elementor-element elementor-element-cf0b353 elementor-widget elementor-widget-text-editor\" data-id=\"cf0b353\" data-element_type=\"widget\" data-widget_type=\"text-editor.default\">\n\t\t\t\t<div class=\"elementor-widget-container\">\n\t\t\t\t\t\t\t\t\t<p><span style=\"font-weight: 400;\">En estos 75 a\u00f1os hemos creado y distribuido valor econ\u00f3mico entre nuestros grupos de inter\u00e9s, aportando al desarrollo y prosperidad del pa\u00eds.\u00a0<\/span><\/p>\t\t\t\t\t\t\t\t<\/div>\n\t\t\t\t<\/div>\n\t\t\t\t\t<\/div>\n\t\t<\/div>\n\t\t\t\t<div class=\"elementor-column elementor-col-50 elementor-top-column elementor-element elementor-element-990158d\" data-id=\"990158d\" data-element_type=\"column\">\n\t\t\t<div class=\"elementor-widget-wrap elementor-element-populated\">\n\t\t\t\t\t\t<div class=\"elementor-element elementor-element-7d7eb14 elementor-widget elementor-widget-image\" data-id=\"7d7eb14\" data-element_type=\"widget\" data-widget_type=\"image.default\">\n\t\t\t\t<div class=\"elementor-widget-container\">\n\t\t\t\t\t\t\t\t\t\t\t\t\t\t\t<img decoding=\"async\" width=\"1080\" height=\"1080\" src=\"https:\/\/www.hv.com.co\/reportehv2021\/wp-content\/uploads\/2021\/07\/Grafico-Circulo.jpg\" class=\"attachment-full size-full wp-image-1609\" alt=\"\" srcset=\"https:\/\/www.hv.com.co\/reportehv2021\/wp-content\/uploads\/2021\/07\/Grafico-Circulo.jpg 1080w, https:\/\/www.hv.com.co\/reportehv2021\/wp-content\/uploads\/2021\/07\/Grafico-Circulo-300x300.jpg 300w, https:\/\/www.hv.com.co\/reportehv2021\/wp-content\/uploads\/2021\/07\/Grafico-Circulo-1024x1024.jpg 1024w, https:\/\/www.hv.com.co\/reportehv2021\/wp-content\/uploads\/2021\/07\/Grafico-Circulo-150x150.jpg 150w, https:\/\/www.hv.com.co\/reportehv2021\/wp-content\/uploads\/2021\/07\/Grafico-Circulo-768x768.jpg 768w, https:\/\/www.hv.com.co\/reportehv2021\/wp-content\/uploads\/2021\/07\/Grafico-Circulo-100x100.jpg 100w, https:\/\/www.hv.com.co\/reportehv2021\/wp-content\/uploads\/2021\/07\/Grafico-Circulo-140x140.jpg 140w, https:\/\/www.hv.com.co\/reportehv2021\/wp-content\/uploads\/2021\/07\/Grafico-Circulo-500x500.jpg 500w, https:\/\/www.hv.com.co\/reportehv2021\/wp-content\/uploads\/2021\/07\/Grafico-Circulo-350x350.jpg 350w, https:\/\/www.hv.com.co\/reportehv2021\/wp-content\/uploads\/2021\/07\/Grafico-Circulo-1000x1000.jpg 1000w, https:\/\/www.hv.com.co\/reportehv2021\/wp-content\/uploads\/2021\/07\/Grafico-Circulo-800x800.jpg 800w\" sizes=\"(max-width: 1080px) 100vw, 1080px\" \/>\t\t\t\t\t\t\t\t\t\t\t\t\t\t\t<\/div>\n\t\t\t\t<\/div>\n\t\t\t\t\t<\/div>\n\t\t<\/div>\n\t\t\t\t\t<\/div>\n\t\t<\/section>\n\t\t\t\t<section class=\"elementor-section elementor-top-section elementor-element elementor-element-ee2af6a elementor-section-full_width elementor-section-height-default elementor-section-height-default\" data-id=\"ee2af6a\" data-element_type=\"section\">\n\t\t\t\t\t\t<div class=\"elementor-container elementor-column-gap-default\">\n\t\t\t\t\t<div class=\"elementor-column elementor-col-50 elementor-top-column elementor-element elementor-element-ba0fc85\" data-id=\"ba0fc85\" data-element_type=\"column\">\n\t\t\t<div class=\"elementor-widget-wrap elementor-element-populated\">\n\t\t\t\t\t\t<div class=\"elementor-element elementor-element-e9e97db elementor-widget elementor-widget-text-editor\" data-id=\"e9e97db\" data-element_type=\"widget\" data-widget_type=\"text-editor.default\">\n\t\t\t\t<div class=\"elementor-widget-container\">\n\t\t\t\t\t\t\t\t\t<p><span style=\"font-weight: 400;\">En nuestra <\/span><b>Cadena de Abastecimiento <\/b><b><br \/><\/b><span style=\"font-weight: 400;\">se crea y se comparte valor para todos nuestros Grupos de Inter\u00e9s, aportando al desarrollo y crecimiento del pa\u00eds.<\/span><\/p>\t\t\t\t\t\t\t\t<\/div>\n\t\t\t\t<\/div>\n\t\t\t\t\t<\/div>\n\t\t<\/div>\n\t\t\t\t<div class=\"elementor-column elementor-col-50 elementor-top-column elementor-element elementor-element-d4006a6\" data-id=\"d4006a6\" data-element_type=\"column\">\n\t\t\t<div class=\"elementor-widget-wrap elementor-element-populated\">\n\t\t\t\t\t\t<div class=\"elementor-element elementor-element-974d5a7 elementor-widget elementor-widget-image\" data-id=\"974d5a7\" data-element_type=\"widget\" data-widget_type=\"image.default\">\n\t\t\t\t<div class=\"elementor-widget-container\">\n\t\t\t\t\t\t\t\t\t\t\t\t\t\t\t<img decoding=\"async\" width=\"1000\" height=\"680\" src=\"https:\/\/www.hv.com.co\/reportehv2021\/wp-content\/uploads\/2022\/05\/infografia-cadena-abastecimiento.png\" class=\"attachment-full size-full wp-image-2529\" alt=\"\" srcset=\"https:\/\/www.hv.com.co\/reportehv2021\/wp-content\/uploads\/2022\/05\/infografia-cadena-abastecimiento.png 1000w, https:\/\/www.hv.com.co\/reportehv2021\/wp-content\/uploads\/2022\/05\/infografia-cadena-abastecimiento-300x204.png 300w, https:\/\/www.hv.com.co\/reportehv2021\/wp-content\/uploads\/2022\/05\/infografia-cadena-abastecimiento-768x522.png 768w\" sizes=\"(max-width: 1000px) 100vw, 1000px\" \/>\t\t\t\t\t\t\t\t\t\t\t\t\t\t\t<\/div>\n\t\t\t\t<\/div>\n\t\t\t\t\t<\/div>\n\t\t<\/div>\n\t\t\t\t\t<\/div>\n\t\t<\/section>\n\t\t\t\t<section class=\"elementor-section elementor-top-section elementor-element elementor-element-f941f04 elementor-section-full_width elementor-section-height-default elementor-section-height-default\" data-id=\"f941f04\" data-element_type=\"section\" data-settings=\"{&quot;background_background&quot;:&quot;classic&quot;}\">\n\t\t\t\t\t\t<div class=\"elementor-container elementor-column-gap-default\">\n\t\t\t\t\t<div class=\"elementor-column elementor-col-100 elementor-top-column elementor-element elementor-element-2bb1d43\" data-id=\"2bb1d43\" data-element_type=\"column\">\n\t\t\t<div class=\"elementor-widget-wrap elementor-element-populated\">\n\t\t\t\t\t\t<div class=\"elementor-element elementor-element-3cd9f67 elementor-widget elementor-widget-image\" data-id=\"3cd9f67\" data-element_type=\"widget\" data-widget_type=\"image.default\">\n\t\t\t\t<div class=\"elementor-widget-container\">\n\t\t\t\t\t\t\t\t\t\t\t\t\t\t\t<img loading=\"lazy\" decoding=\"async\" width=\"1920\" height=\"741\" src=\"https:\/\/www.hv.com.co\/reportehv2021\/wp-content\/uploads\/2022\/05\/img-ingresos-op.jpg\" class=\"attachment-full size-full wp-image-2536\" alt=\"\" srcset=\"https:\/\/www.hv.com.co\/reportehv2021\/wp-content\/uploads\/2022\/05\/img-ingresos-op.jpg 1920w, https:\/\/www.hv.com.co\/reportehv2021\/wp-content\/uploads\/2022\/05\/img-ingresos-op-300x116.jpg 300w, https:\/\/www.hv.com.co\/reportehv2021\/wp-content\/uploads\/2022\/05\/img-ingresos-op-1024x395.jpg 1024w, https:\/\/www.hv.com.co\/reportehv2021\/wp-content\/uploads\/2022\/05\/img-ingresos-op-768x296.jpg 768w, https:\/\/www.hv.com.co\/reportehv2021\/wp-content\/uploads\/2022\/05\/img-ingresos-op-1536x593.jpg 1536w\" sizes=\"(max-width: 1920px) 100vw, 1920px\" \/>\t\t\t\t\t\t\t\t\t\t\t\t\t\t\t<\/div>\n\t\t\t\t<\/div>\n\t\t\t\t\t<\/div>\n\t\t<\/div>\n\t\t\t\t\t<\/div>\n\t\t<\/section>\n\t\t\t\t<\/div>\n\t\t","protected":false},"excerpt":{"rendered":"<p>En estos 75 a\u00f1os hemos creado y distribuido valor entre nuestros grupos de inter\u00e9s. Nuestra operaci\u00f3n apalanca la creaci\u00f3n de riqueza en el pa\u00eds a trav\u00e9s de compras a proveedores, pagos de impuestos en los municipios donde estamos, inversi\u00f3n social para las comunidades que lo necesitan, pago por intereses financieros y hemos invertido en salarios [&hellip;]<\/p>\n","protected":false},"author":1,"featured_media":0,"parent":0,"menu_order":0,"comment_status":"closed","ping_status":"closed","template":"elementor_header_footer","meta":{"footnotes":""},"class_list":["post-2468","page","type-page","status-publish","hentry"],"yoast_head":"<!-- This site is optimized with the Yoast SEO plugin v25.6 - https:\/\/yoast.com\/wordpress\/plugins\/seo\/ -->\n<title>Cap\u00edtulo 4 - Generamos valor y prosperidad - En HV construimos sostenibilidad<\/title>\n<meta name=\"robots\" content=\"index, follow, max-snippet:-1, max-image-preview:large, max-video-preview:-1\" \/>\n<link rel=\"canonical\" href=\"https:\/\/www.hv.com.co\/reportehv2021\/capitulo-4-generamos-valor-y-prosperidad\/\" \/>\n<meta property=\"og:locale\" content=\"es_ES\" \/>\n<meta property=\"og:type\" content=\"article\" \/>\n<meta property=\"og:title\" content=\"Cap\u00edtulo 4 - Generamos valor y prosperidad - En HV construimos sostenibilidad\" \/>\n<meta property=\"og:description\" content=\"En estos 75 a\u00f1os hemos creado y distribuido valor entre nuestros grupos de inter\u00e9s. Nuestra operaci\u00f3n apalanca la creaci\u00f3n de riqueza en el pa\u00eds a trav\u00e9s de compras a proveedores, pagos de impuestos en los municipios donde estamos, inversi\u00f3n social para las comunidades que lo necesitan, pago por intereses financieros y hemos invertido en salarios [&hellip;]\" \/>\n<meta property=\"og:url\" content=\"https:\/\/www.hv.com.co\/reportehv2021\/capitulo-4-generamos-valor-y-prosperidad\/\" \/>\n<meta property=\"og:site_name\" content=\"En HV construimos sostenibilidad\" \/>\n<meta property=\"article:publisher\" content=\"https:\/\/www.facebook.com\/HarineradelValle\/\" \/>\n<meta property=\"article:modified_time\" content=\"2022-05-31T21:42:17+00:00\" \/>\n<meta property=\"og:image\" content=\"https:\/\/www.hv.com.co\/reportehv2021\/wp-content\/uploads\/2022\/05\/simbolo-75a-gris.png\" \/>\n<meta name=\"twitter:card\" content=\"summary_large_image\" \/>\n<meta name=\"twitter:label1\" content=\"Tiempo de lectura\" \/>\n\t<meta name=\"twitter:data1\" content=\"2 minutos\" \/>\n<script type=\"application\/ld+json\" class=\"yoast-schema-graph\">{\"@context\":\"https:\/\/schema.org\",\"@graph\":[{\"@type\":\"WebPage\",\"@id\":\"https:\/\/www.hv.com.co\/reportehv2021\/capitulo-4-generamos-valor-y-prosperidad\/\",\"url\":\"https:\/\/www.hv.com.co\/reportehv2021\/capitulo-4-generamos-valor-y-prosperidad\/\",\"name\":\"Cap\u00edtulo 4 - Generamos valor y prosperidad - En HV construimos sostenibilidad\",\"isPartOf\":{\"@id\":\"https:\/\/www.hv.com.co\/reportehv2021\/#website\"},\"primaryImageOfPage\":{\"@id\":\"https:\/\/www.hv.com.co\/reportehv2021\/capitulo-4-generamos-valor-y-prosperidad\/#primaryimage\"},\"image\":{\"@id\":\"https:\/\/www.hv.com.co\/reportehv2021\/capitulo-4-generamos-valor-y-prosperidad\/#primaryimage\"},\"thumbnailUrl\":\"https:\/\/www.hv.com.co\/reportehv2021\/wp-content\/uploads\/2022\/05\/simbolo-75a-gris.png\",\"datePublished\":\"2022-05-24T21:46:21+00:00\",\"dateModified\":\"2022-05-31T21:42:17+00:00\",\"breadcrumb\":{\"@id\":\"https:\/\/www.hv.com.co\/reportehv2021\/capitulo-4-generamos-valor-y-prosperidad\/#breadcrumb\"},\"inLanguage\":\"es-CO\",\"potentialAction\":[{\"@type\":\"ReadAction\",\"target\":[\"https:\/\/www.hv.com.co\/reportehv2021\/capitulo-4-generamos-valor-y-prosperidad\/\"]}]},{\"@type\":\"ImageObject\",\"inLanguage\":\"es-CO\",\"@id\":\"https:\/\/www.hv.com.co\/reportehv2021\/capitulo-4-generamos-valor-y-prosperidad\/#primaryimage\",\"url\":\"https:\/\/www.hv.com.co\/reportehv2021\/wp-content\/uploads\/2022\/05\/simbolo-75a-gris.png\",\"contentUrl\":\"https:\/\/www.hv.com.co\/reportehv2021\/wp-content\/uploads\/2022\/05\/simbolo-75a-gris.png\",\"width\":569,\"height\":778},{\"@type\":\"BreadcrumbList\",\"@id\":\"https:\/\/www.hv.com.co\/reportehv2021\/capitulo-4-generamos-valor-y-prosperidad\/#breadcrumb\",\"itemListElement\":[{\"@type\":\"ListItem\",\"position\":1,\"name\":\"Home\",\"item\":\"https:\/\/www.hv.com.co\/reportehv2021\/\"},{\"@type\":\"ListItem\",\"position\":2,\"name\":\"Cap\u00edtulo 4 &#8211; Generamos valor y prosperidad\"}]},{\"@type\":\"WebSite\",\"@id\":\"https:\/\/www.hv.com.co\/reportehv2021\/#website\",\"url\":\"https:\/\/www.hv.com.co\/reportehv2021\/\",\"name\":\"En HV construimos sostenibilidad\",\"description\":\"Reporte de Sostenibilidad HV 2021\",\"publisher\":{\"@id\":\"https:\/\/www.hv.com.co\/reportehv2021\/#organization\"},\"potentialAction\":[{\"@type\":\"SearchAction\",\"target\":{\"@type\":\"EntryPoint\",\"urlTemplate\":\"https:\/\/www.hv.com.co\/reportehv2021\/?s={search_term_string}\"},\"query-input\":{\"@type\":\"PropertyValueSpecification\",\"valueRequired\":true,\"valueName\":\"search_term_string\"}}],\"inLanguage\":\"es-CO\"},{\"@type\":\"Organization\",\"@id\":\"https:\/\/www.hv.com.co\/reportehv2021\/#organization\",\"name\":\"En HV construimos sostenibilidad\",\"url\":\"https:\/\/www.hv.com.co\/reportehv2021\/\",\"logo\":{\"@type\":\"ImageObject\",\"inLanguage\":\"es-CO\",\"@id\":\"https:\/\/www.hv.com.co\/reportehv2021\/#\/schema\/logo\/image\/\",\"url\":\"https:\/\/www.hv.com.co\/reportehv2021\/wp-content\/uploads\/2021\/08\/Logo-HV.png\",\"contentUrl\":\"https:\/\/www.hv.com.co\/reportehv2021\/wp-content\/uploads\/2021\/08\/Logo-HV.png\",\"width\":711,\"height\":143,\"caption\":\"En HV construimos sostenibilidad\"},\"image\":{\"@id\":\"https:\/\/www.hv.com.co\/reportehv2021\/#\/schema\/logo\/image\/\"},\"sameAs\":[\"https:\/\/www.facebook.com\/HarineradelValle\/\",\"https:\/\/www.instagram.com\/harineradelvalle\/\",\"https:\/\/www.linkedin.com\/company\/harinera-del-valle-s-a-\/\",\"https:\/\/www.youtube.com\/channel\/UCX0sw3kP5p7ktUh6i_SNiLg\"]}]}<\/script>\n<!-- \/ Yoast SEO plugin. -->","yoast_head_json":{"title":"Cap\u00edtulo 4 - Generamos valor y prosperidad - En HV construimos sostenibilidad","robots":{"index":"index","follow":"follow","max-snippet":"max-snippet:-1","max-image-preview":"max-image-preview:large","max-video-preview":"max-video-preview:-1"},"canonical":"https:\/\/www.hv.com.co\/reportehv2021\/capitulo-4-generamos-valor-y-prosperidad\/","og_locale":"es_ES","og_type":"article","og_title":"Cap\u00edtulo 4 - Generamos valor y prosperidad - En HV construimos sostenibilidad","og_description":"En estos 75 a\u00f1os hemos creado y distribuido valor entre nuestros grupos de inter\u00e9s. Nuestra operaci\u00f3n apalanca la creaci\u00f3n de riqueza en el pa\u00eds a trav\u00e9s de compras a proveedores, pagos de impuestos en los municipios donde estamos, inversi\u00f3n social para las comunidades que lo necesitan, pago por intereses financieros y hemos invertido en salarios [&hellip;]","og_url":"https:\/\/www.hv.com.co\/reportehv2021\/capitulo-4-generamos-valor-y-prosperidad\/","og_site_name":"En HV construimos sostenibilidad","article_publisher":"https:\/\/www.facebook.com\/HarineradelValle\/","article_modified_time":"2022-05-31T21:42:17+00:00","og_image":[{"url":"https:\/\/www.hv.com.co\/reportehv2021\/wp-content\/uploads\/2022\/05\/simbolo-75a-gris.png","type":"","width":"","height":""}],"twitter_card":"summary_large_image","twitter_misc":{"Tiempo de lectura":"2 minutos"},"schema":{"@context":"https:\/\/schema.org","@graph":[{"@type":"WebPage","@id":"https:\/\/www.hv.com.co\/reportehv2021\/capitulo-4-generamos-valor-y-prosperidad\/","url":"https:\/\/www.hv.com.co\/reportehv2021\/capitulo-4-generamos-valor-y-prosperidad\/","name":"Cap\u00edtulo 4 - Generamos valor y prosperidad - En HV construimos sostenibilidad","isPartOf":{"@id":"https:\/\/www.hv.com.co\/reportehv2021\/#website"},"primaryImageOfPage":{"@id":"https:\/\/www.hv.com.co\/reportehv2021\/capitulo-4-generamos-valor-y-prosperidad\/#primaryimage"},"image":{"@id":"https:\/\/www.hv.com.co\/reportehv2021\/capitulo-4-generamos-valor-y-prosperidad\/#primaryimage"},"thumbnailUrl":"https:\/\/www.hv.com.co\/reportehv2021\/wp-content\/uploads\/2022\/05\/simbolo-75a-gris.png","datePublished":"2022-05-24T21:46:21+00:00","dateModified":"2022-05-31T21:42:17+00:00","breadcrumb":{"@id":"https:\/\/www.hv.com.co\/reportehv2021\/capitulo-4-generamos-valor-y-prosperidad\/#breadcrumb"},"inLanguage":"es-CO","potentialAction":[{"@type":"ReadAction","target":["https:\/\/www.hv.com.co\/reportehv2021\/capitulo-4-generamos-valor-y-prosperidad\/"]}]},{"@type":"ImageObject","inLanguage":"es-CO","@id":"https:\/\/www.hv.com.co\/reportehv2021\/capitulo-4-generamos-valor-y-prosperidad\/#primaryimage","url":"https:\/\/www.hv.com.co\/reportehv2021\/wp-content\/uploads\/2022\/05\/simbolo-75a-gris.png","contentUrl":"https:\/\/www.hv.com.co\/reportehv2021\/wp-content\/uploads\/2022\/05\/simbolo-75a-gris.png","width":569,"height":778},{"@type":"BreadcrumbList","@id":"https:\/\/www.hv.com.co\/reportehv2021\/capitulo-4-generamos-valor-y-prosperidad\/#breadcrumb","itemListElement":[{"@type":"ListItem","position":1,"name":"Home","item":"https:\/\/www.hv.com.co\/reportehv2021\/"},{"@type":"ListItem","position":2,"name":"Cap\u00edtulo 4 &#8211; Generamos valor y prosperidad"}]},{"@type":"WebSite","@id":"https:\/\/www.hv.com.co\/reportehv2021\/#website","url":"https:\/\/www.hv.com.co\/reportehv2021\/","name":"En HV construimos sostenibilidad","description":"Reporte de Sostenibilidad HV 2021","publisher":{"@id":"https:\/\/www.hv.com.co\/reportehv2021\/#organization"},"potentialAction":[{"@type":"SearchAction","target":{"@type":"EntryPoint","urlTemplate":"https:\/\/www.hv.com.co\/reportehv2021\/?s={search_term_string}"},"query-input":{"@type":"PropertyValueSpecification","valueRequired":true,"valueName":"search_term_string"}}],"inLanguage":"es-CO"},{"@type":"Organization","@id":"https:\/\/www.hv.com.co\/reportehv2021\/#organization","name":"En HV construimos sostenibilidad","url":"https:\/\/www.hv.com.co\/reportehv2021\/","logo":{"@type":"ImageObject","inLanguage":"es-CO","@id":"https:\/\/www.hv.com.co\/reportehv2021\/#\/schema\/logo\/image\/","url":"https:\/\/www.hv.com.co\/reportehv2021\/wp-content\/uploads\/2021\/08\/Logo-HV.png","contentUrl":"https:\/\/www.hv.com.co\/reportehv2021\/wp-content\/uploads\/2021\/08\/Logo-HV.png","width":711,"height":143,"caption":"En HV construimos sostenibilidad"},"image":{"@id":"https:\/\/www.hv.com.co\/reportehv2021\/#\/schema\/logo\/image\/"},"sameAs":["https:\/\/www.facebook.com\/HarineradelValle\/","https:\/\/www.instagram.com\/harineradelvalle\/","https:\/\/www.linkedin.com\/company\/harinera-del-valle-s-a-\/","https:\/\/www.youtube.com\/channel\/UCX0sw3kP5p7ktUh6i_SNiLg"]}]}},"_links":{"self":[{"href":"https:\/\/www.hv.com.co\/reportehv2021\/wp-json\/wp\/v2\/pages\/2468","targetHints":{"allow":["GET"]}}],"collection":[{"href":"https:\/\/www.hv.com.co\/reportehv2021\/wp-json\/wp\/v2\/pages"}],"about":[{"href":"https:\/\/www.hv.com.co\/reportehv2021\/wp-json\/wp\/v2\/types\/page"}],"author":[{"embeddable":true,"href":"https:\/\/www.hv.com.co\/reportehv2021\/wp-json\/wp\/v2\/users\/1"}],"replies":[{"embeddable":true,"href":"https:\/\/www.hv.com.co\/reportehv2021\/wp-json\/wp\/v2\/comments?post=2468"}],"version-history":[{"count":207,"href":"https:\/\/www.hv.com.co\/reportehv2021\/wp-json\/wp\/v2\/pages\/2468\/revisions"}],"predecessor-version":[{"id":3706,"href":"https:\/\/www.hv.com.co\/reportehv2021\/wp-json\/wp\/v2\/pages\/2468\/revisions\/3706"}],"wp:attachment":[{"href":"https:\/\/www.hv.com.co\/reportehv2021\/wp-json\/wp\/v2\/media?parent=2468"}],"curies":[{"name":"wp","href":"https:\/\/api.w.org\/{rel}","templated":true}]}}