{"id":1477,"date":"2022-05-25T15:32:34","date_gmt":"2022-05-25T20:32:34","guid":{"rendered":"https:\/\/www.hv.com.co\/reportehv2020\/?page_id=1477"},"modified":"2022-05-31T15:57:22","modified_gmt":"2022-05-31T20:57:22","slug":"mensaje-del-gerente-general","status":"publish","type":"page","link":"https:\/\/www.hv.com.co\/reportehv2021\/mensaje-del-gerente-general\/","title":{"rendered":"Mensaje del Gerente General"},"content":{"rendered":"\t\t<div data-elementor-type=\"wp-page\" data-elementor-id=\"1477\" class=\"elementor elementor-1477\" data-elementor-post-type=\"page\">\n\t\t\t\t\t\t<section class=\"elementor-section elementor-top-section elementor-element elementor-element-98ceb8c elementor-section-boxed elementor-section-height-default elementor-section-height-default\" data-id=\"98ceb8c\" data-element_type=\"section\">\n\t\t\t\t\t\t<div class=\"elementor-container elementor-column-gap-default\">\n\t\t\t\t\t<div class=\"elementor-column elementor-col-66 elementor-top-column elementor-element elementor-element-301219a\" data-id=\"301219a\" data-element_type=\"column\">\n\t\t\t<div class=\"elementor-widget-wrap elementor-element-populated\">\n\t\t\t\t\t\t<div class=\"elementor-element elementor-element-5b13fce elementor-widget elementor-widget-heading\" data-id=\"5b13fce\" data-element_type=\"widget\" data-widget_type=\"heading.default\">\n\t\t\t\t<div class=\"elementor-widget-container\">\n\t\t\t\t\t<h2 class=\"elementor-heading-title elementor-size-default\">Mensaje del<br>Gerente General<\/h2>\t\t\t\t<\/div>\n\t\t\t\t<\/div>\n\t\t\t\t<div class=\"elementor-element elementor-element-66892d7 elementor-widget elementor-widget-spacer\" data-id=\"66892d7\" data-element_type=\"widget\" data-widget_type=\"spacer.default\">\n\t\t\t\t<div class=\"elementor-widget-container\">\n\t\t\t\t\t\t\t<div class=\"elementor-spacer\">\n\t\t\t<div class=\"elementor-spacer-inner\"><\/div>\n\t\t<\/div>\n\t\t\t\t\t\t<\/div>\n\t\t\t\t<\/div>\n\t\t\t\t<div class=\"elementor-element elementor-element-2fb1221 elementor-widget elementor-widget-text-editor\" data-id=\"2fb1221\" data-element_type=\"widget\" data-widget_type=\"text-editor.default\">\n\t\t\t\t<div class=\"elementor-widget-container\">\n\t\t\t\t\t\t\t\t\t<p><span style=\"font-weight: 400;\">Siete d\u00e9cadas de historia llevando lo mejor de nosotros a las familias colombianas y de otros pa\u00edses del mundo, hacen de Harinera del Valle una de las compa\u00f1\u00edas m\u00e1s s\u00f3lidas y estables del pa\u00eds. Nacimos gracias al sue\u00f1o de Don Arcesio Paz Paz un hombre visionario cuyo amor por el trabajo fue siempre su pasi\u00f3n, una visi\u00f3n clara de pensar en grande, unos f\u00e9rreos principios y valores que siguen orientando nuestro trabajo diario y hacen parte de nuestro ADN corporativo. Permanecer y mantenerse vigente es producto de un compromiso y una \u00e9tica empresarial fundamentada en principios y valores. <\/span><\/p><p><span style=\"font-weight: 400;\">Ha sido un proceso de creaci\u00f3n de valor permanente que hemos compartido y hecho sostenible durante los 75 a\u00f1os que cumplimos en este 2022 con la visi\u00f3n clara de ser una Organizaci\u00f3n de Clase Mundial. Nuestra historia ha sido un ejemplo para diferentes generaciones en el pa\u00eds testigos de nuestro avance en medio de las adversidades y dificultades por situaciones referidas al contexto del pa\u00eds, la situaci\u00f3n global o la pandemia.\u00a0<\/span><\/p><p><span style=\"font-weight: 400;\">Nuestro prop\u00f3sito es seguir creando valor. 75 a\u00f1os siendo parte de tu vida significa que hemos estado presentes con nuestras marcas en diferentes momentos de la vida de nuestros consumidores generando bienestar; hemos crecido junto a nuestros clientes ofreciendo un portafolio innovador; seguimos estableciendo relaciones de mutuo beneficio y crecimiento con nuestros proveedores; continuamos siendo un gran lugar de trabajo para nuestros colaboradores y nos enorgullece decir que apoyamos con un gran compromiso las comunidades donde tenemos el privilegio de operar. Cuidamos los recursos naturales, dando un enfoque ambiental preventivo desde el cual mitigamos los impactos y promovemos iniciativas ecoeficientes responsables pensando en las generaciones actuales y futuras.\u00a0<\/span><\/p><p><span style=\"font-weight: 400;\">En el 2021, creamos valor cuando respondimos a las necesidades de las familias desarrollando nuevos productos, promoviendo estilos de vida saludables, por lo cual hemos apoyado de forma decidida el deporte en diferentes disciplinas como carreras atl\u00e9ticas y el f\u00fatbol con el reciente patrocinio al Deportivo Cali. El deporte es un referente importante porque ense\u00f1a y promueve valores como la disciplina, el trabajo en equipo, el compromiso, la responsabilidad, entre otros, que debemos practicar en nuestra gesti\u00f3n empresarial y fomentar en el pa\u00eds.\u00a0\u00a0<\/span><\/p><p><span style=\"font-weight: 400;\">Seguimos siendo un buen lugar para trabajar. Invertimos m\u00e1s de $3.600 millones de pesos en educaci\u00f3n, salud y otros beneficios para nuestros colaboradores y sus familias. Nuestro Sistema de Gesti\u00f3n en Seguridad y Salud en el Trabajo obtuvo una calificaci\u00f3n de 97.25% y nuestro \u00edndice de accidentalidad fue del 1.9%, cifras con las que podemos afirmar que promovemos espacios laborales seguros y saludables.\u00a0\u00a0\u00a0<\/span><\/p><p><span style=\"font-weight: 400;\">Buscamos crecer con nuestros proveedores para generar prosperidad en nuestro pa\u00eds. Trabajamos conjuntamente en el desarrollo de envases y empaques amigables con el medio ambiente, con lo cual, logramos que nuestros empaques sean 100% reciclables, prop\u00f3sito soportado en nuestras pol\u00edticas de Envases y Empaques, Compras Sostenibles y Medio Ambiente.\u00a0<\/span><\/p><p><span style=\"font-weight: 400;\">En Responsabilidad Social, este a\u00f1o orientamos nuestros esfuerzos en el fortalecimiento de estrategias en educaci\u00f3n para estudiantes y docentes de Instituciones Educativas de Dagua, Cali, Villa Rica y Palmira a trav\u00e9s de los Programas EducaRSE, NutriRSE y ReciclaRSE. Donamos m\u00e1s de 11.000 kilos de alimentos a diferentes fundaciones y a la Asociaci\u00f3n de Bancos de Alimentos de Colombia.\u00a0<\/span><\/p><p><span style=\"font-weight: 400;\">Por \u00faltimo, como Gerente General de Harinera del Valle reitero nuestro compromiso con el cumplimiento de los 10 principios del Pacto Global de la Organizaci\u00f3n de las Naciones Unidas, aportando al logro de los Objetivos de Desarrollo Sostenible ODS.\u00a0<\/span><\/p>\t\t\t\t\t\t\t\t<\/div>\n\t\t\t\t<\/div>\n\t\t\t\t<div class=\"elementor-element elementor-element-ef3ea28 elementor-widget elementor-widget-text-editor\" data-id=\"ef3ea28\" data-element_type=\"widget\" data-widget_type=\"text-editor.default\">\n\t\t\t\t<div class=\"elementor-widget-container\">\n\t\t\t\t\t\t\t\t\t<p><b>Hoy, los invito a celebrar con orgullo una historia llena de perseverancia y compromiso por Colombia inspirada en el sue\u00f1o y la visi\u00f3n de nuestro fundador Don Arcesio Paz Paz. Seguiremos trabajando con el prop\u00f3sito de ser una Organizaci\u00f3n de Clase Mundial, honrando siempre la confianza de nuestros clientes y consumidores.\u00a0<\/b><\/p>\t\t\t\t\t\t\t\t<\/div>\n\t\t\t\t<\/div>\n\t\t\t\t<div class=\"elementor-element elementor-element-339d3f4 elementor-widget elementor-widget-text-editor\" data-id=\"339d3f4\" data-element_type=\"widget\" data-widget_type=\"text-editor.default\">\n\t\t\t\t<div class=\"elementor-widget-container\">\n\t\t\t\t\t\t\t\t\t<p><b>Juan Carlos Henao Ramos<\/b><\/p>\t\t\t\t\t\t\t\t<\/div>\n\t\t\t\t<\/div>\n\t\t\t\t<div class=\"elementor-element elementor-element-ff12a4c elementor-widget elementor-widget-text-editor\" data-id=\"ff12a4c\" data-element_type=\"widget\" data-widget_type=\"text-editor.default\">\n\t\t\t\t<div class=\"elementor-widget-container\">\n\t\t\t\t\t\t\t\t\t<p><b>Gerente General<\/b><\/p>\t\t\t\t\t\t\t\t<\/div>\n\t\t\t\t<\/div>\n\t\t\t\t\t<\/div>\n\t\t<\/div>\n\t\t\t\t<div class=\"elementor-column elementor-col-33 elementor-top-column elementor-element elementor-element-3a746f2\" data-id=\"3a746f2\" data-element_type=\"column\" id=\"msj\">\n\t\t\t<div class=\"elementor-widget-wrap elementor-element-populated\">\n\t\t\t\t\t\t<div class=\"elementor-element elementor-element-0f7e100 elementor-widget elementor-widget-image\" data-id=\"0f7e100\" data-element_type=\"widget\" data-widget_type=\"image.default\">\n\t\t\t\t<div class=\"elementor-widget-container\">\n\t\t\t\t\t\t\t\t\t\t\t\t\t\t\t<img fetchpriority=\"high\" decoding=\"async\" width=\"520\" height=\"780\" src=\"https:\/\/www.hv.com.co\/reportehv2021\/wp-content\/uploads\/2022\/05\/foto-Juan-Carlos-Henao-.png\" class=\"attachment-full size-full wp-image-2763\" alt=\"\" srcset=\"https:\/\/www.hv.com.co\/reportehv2021\/wp-content\/uploads\/2022\/05\/foto-Juan-Carlos-Henao-.png 520w, https:\/\/www.hv.com.co\/reportehv2021\/wp-content\/uploads\/2022\/05\/foto-Juan-Carlos-Henao--200x300.png 200w\" sizes=\"(max-width: 520px) 100vw, 520px\" \/>\t\t\t\t\t\t\t\t\t\t\t\t\t\t\t<\/div>\n\t\t\t\t<\/div>\n\t\t\t\t\t<\/div>\n\t\t<\/div>\n\t\t\t\t\t<\/div>\n\t\t<\/section>\n\t\t\t\t<\/div>\n\t\t","protected":false},"excerpt":{"rendered":"<p>Mensaje delGerente General Siete d\u00e9cadas de historia llevando lo mejor de nosotros a las familias colombianas y de otros pa\u00edses del mundo, hacen de Harinera del Valle una de las compa\u00f1\u00edas m\u00e1s s\u00f3lidas y estables del pa\u00eds. Nacimos gracias al sue\u00f1o de Don Arcesio Paz Paz un hombre visionario cuyo amor por el trabajo fue [&hellip;]<\/p>\n","protected":false},"author":1,"featured_media":0,"parent":0,"menu_order":0,"comment_status":"closed","ping_status":"closed","template":"elementor_header_footer","meta":{"footnotes":""},"class_list":["post-1477","page","type-page","status-publish","hentry"],"yoast_head":"<!-- This site is optimized with the Yoast SEO plugin v25.6 - https:\/\/yoast.com\/wordpress\/plugins\/seo\/ -->\n<title>Mensaje del Gerente General - En HV construimos sostenibilidad<\/title>\n<meta name=\"robots\" content=\"index, follow, max-snippet:-1, max-image-preview:large, max-video-preview:-1\" \/>\n<link rel=\"canonical\" href=\"https:\/\/www.hv.com.co\/reportehv2021\/mensaje-del-gerente-general\/\" \/>\n<meta property=\"og:locale\" content=\"es_ES\" \/>\n<meta property=\"og:type\" content=\"article\" \/>\n<meta property=\"og:title\" content=\"Mensaje del Gerente General - En HV construimos sostenibilidad\" \/>\n<meta property=\"og:description\" content=\"Mensaje delGerente General Siete d\u00e9cadas de historia llevando lo mejor de nosotros a las familias colombianas y de otros pa\u00edses del mundo, hacen de Harinera del Valle una de las compa\u00f1\u00edas m\u00e1s s\u00f3lidas y estables del pa\u00eds. Nacimos gracias al sue\u00f1o de Don Arcesio Paz Paz un hombre visionario cuyo amor por el trabajo fue [&hellip;]\" \/>\n<meta property=\"og:url\" content=\"https:\/\/www.hv.com.co\/reportehv2021\/mensaje-del-gerente-general\/\" \/>\n<meta property=\"og:site_name\" content=\"En HV construimos sostenibilidad\" \/>\n<meta property=\"article:publisher\" content=\"https:\/\/www.facebook.com\/HarineradelValle\/\" \/>\n<meta property=\"article:modified_time\" content=\"2022-05-31T20:57:22+00:00\" \/>\n<meta property=\"og:image\" content=\"https:\/\/www.hv.com.co\/reportehv2021\/wp-content\/uploads\/2022\/05\/foto-Juan-Carlos-Henao-.png\" \/>\n<meta name=\"twitter:card\" content=\"summary_large_image\" \/>\n<meta name=\"twitter:label1\" content=\"Tiempo de lectura\" \/>\n\t<meta name=\"twitter:data1\" content=\"4 minutos\" \/>\n<script type=\"application\/ld+json\" class=\"yoast-schema-graph\">{\"@context\":\"https:\/\/schema.org\",\"@graph\":[{\"@type\":\"WebPage\",\"@id\":\"https:\/\/www.hv.com.co\/reportehv2021\/mensaje-del-gerente-general\/\",\"url\":\"https:\/\/www.hv.com.co\/reportehv2021\/mensaje-del-gerente-general\/\",\"name\":\"Mensaje del Gerente General - En HV construimos sostenibilidad\",\"isPartOf\":{\"@id\":\"https:\/\/www.hv.com.co\/reportehv2021\/#website\"},\"primaryImageOfPage\":{\"@id\":\"https:\/\/www.hv.com.co\/reportehv2021\/mensaje-del-gerente-general\/#primaryimage\"},\"image\":{\"@id\":\"https:\/\/www.hv.com.co\/reportehv2021\/mensaje-del-gerente-general\/#primaryimage\"},\"thumbnailUrl\":\"https:\/\/www.hv.com.co\/reportehv2021\/wp-content\/uploads\/2022\/05\/foto-Juan-Carlos-Henao-.png\",\"datePublished\":\"2022-05-25T20:32:34+00:00\",\"dateModified\":\"2022-05-31T20:57:22+00:00\",\"breadcrumb\":{\"@id\":\"https:\/\/www.hv.com.co\/reportehv2021\/mensaje-del-gerente-general\/#breadcrumb\"},\"inLanguage\":\"es-CO\",\"potentialAction\":[{\"@type\":\"ReadAction\",\"target\":[\"https:\/\/www.hv.com.co\/reportehv2021\/mensaje-del-gerente-general\/\"]}]},{\"@type\":\"ImageObject\",\"inLanguage\":\"es-CO\",\"@id\":\"https:\/\/www.hv.com.co\/reportehv2021\/mensaje-del-gerente-general\/#primaryimage\",\"url\":\"https:\/\/www.hv.com.co\/reportehv2021\/wp-content\/uploads\/2022\/05\/foto-Juan-Carlos-Henao-.png\",\"contentUrl\":\"https:\/\/www.hv.com.co\/reportehv2021\/wp-content\/uploads\/2022\/05\/foto-Juan-Carlos-Henao-.png\",\"width\":520,\"height\":780},{\"@type\":\"BreadcrumbList\",\"@id\":\"https:\/\/www.hv.com.co\/reportehv2021\/mensaje-del-gerente-general\/#breadcrumb\",\"itemListElement\":[{\"@type\":\"ListItem\",\"position\":1,\"name\":\"Home\",\"item\":\"https:\/\/www.hv.com.co\/reportehv2021\/\"},{\"@type\":\"ListItem\",\"position\":2,\"name\":\"Mensaje del Gerente General\"}]},{\"@type\":\"WebSite\",\"@id\":\"https:\/\/www.hv.com.co\/reportehv2021\/#website\",\"url\":\"https:\/\/www.hv.com.co\/reportehv2021\/\",\"name\":\"En HV construimos sostenibilidad\",\"description\":\"Reporte de Sostenibilidad HV 2021\",\"publisher\":{\"@id\":\"https:\/\/www.hv.com.co\/reportehv2021\/#organization\"},\"potentialAction\":[{\"@type\":\"SearchAction\",\"target\":{\"@type\":\"EntryPoint\",\"urlTemplate\":\"https:\/\/www.hv.com.co\/reportehv2021\/?s={search_term_string}\"},\"query-input\":{\"@type\":\"PropertyValueSpecification\",\"valueRequired\":true,\"valueName\":\"search_term_string\"}}],\"inLanguage\":\"es-CO\"},{\"@type\":\"Organization\",\"@id\":\"https:\/\/www.hv.com.co\/reportehv2021\/#organization\",\"name\":\"En HV construimos sostenibilidad\",\"url\":\"https:\/\/www.hv.com.co\/reportehv2021\/\",\"logo\":{\"@type\":\"ImageObject\",\"inLanguage\":\"es-CO\",\"@id\":\"https:\/\/www.hv.com.co\/reportehv2021\/#\/schema\/logo\/image\/\",\"url\":\"https:\/\/www.hv.com.co\/reportehv2021\/wp-content\/uploads\/2021\/08\/Logo-HV.png\",\"contentUrl\":\"https:\/\/www.hv.com.co\/reportehv2021\/wp-content\/uploads\/2021\/08\/Logo-HV.png\",\"width\":711,\"height\":143,\"caption\":\"En HV construimos sostenibilidad\"},\"image\":{\"@id\":\"https:\/\/www.hv.com.co\/reportehv2021\/#\/schema\/logo\/image\/\"},\"sameAs\":[\"https:\/\/www.facebook.com\/HarineradelValle\/\",\"https:\/\/www.instagram.com\/harineradelvalle\/\",\"https:\/\/www.linkedin.com\/company\/harinera-del-valle-s-a-\/\",\"https:\/\/www.youtube.com\/channel\/UCX0sw3kP5p7ktUh6i_SNiLg\"]}]}<\/script>\n<!-- \/ Yoast SEO plugin. -->","yoast_head_json":{"title":"Mensaje del Gerente General - En HV construimos sostenibilidad","robots":{"index":"index","follow":"follow","max-snippet":"max-snippet:-1","max-image-preview":"max-image-preview:large","max-video-preview":"max-video-preview:-1"},"canonical":"https:\/\/www.hv.com.co\/reportehv2021\/mensaje-del-gerente-general\/","og_locale":"es_ES","og_type":"article","og_title":"Mensaje del Gerente General - En HV construimos sostenibilidad","og_description":"Mensaje delGerente General Siete d\u00e9cadas de historia llevando lo mejor de nosotros a las familias colombianas y de otros pa\u00edses del mundo, hacen de Harinera del Valle una de las compa\u00f1\u00edas m\u00e1s s\u00f3lidas y estables del pa\u00eds. Nacimos gracias al sue\u00f1o de Don Arcesio Paz Paz un hombre visionario cuyo amor por el trabajo fue [&hellip;]","og_url":"https:\/\/www.hv.com.co\/reportehv2021\/mensaje-del-gerente-general\/","og_site_name":"En HV construimos sostenibilidad","article_publisher":"https:\/\/www.facebook.com\/HarineradelValle\/","article_modified_time":"2022-05-31T20:57:22+00:00","og_image":[{"url":"https:\/\/www.hv.com.co\/reportehv2021\/wp-content\/uploads\/2022\/05\/foto-Juan-Carlos-Henao-.png","type":"","width":"","height":""}],"twitter_card":"summary_large_image","twitter_misc":{"Tiempo de lectura":"4 minutos"},"schema":{"@context":"https:\/\/schema.org","@graph":[{"@type":"WebPage","@id":"https:\/\/www.hv.com.co\/reportehv2021\/mensaje-del-gerente-general\/","url":"https:\/\/www.hv.com.co\/reportehv2021\/mensaje-del-gerente-general\/","name":"Mensaje del Gerente General - En HV construimos sostenibilidad","isPartOf":{"@id":"https:\/\/www.hv.com.co\/reportehv2021\/#website"},"primaryImageOfPage":{"@id":"https:\/\/www.hv.com.co\/reportehv2021\/mensaje-del-gerente-general\/#primaryimage"},"image":{"@id":"https:\/\/www.hv.com.co\/reportehv2021\/mensaje-del-gerente-general\/#primaryimage"},"thumbnailUrl":"https:\/\/www.hv.com.co\/reportehv2021\/wp-content\/uploads\/2022\/05\/foto-Juan-Carlos-Henao-.png","datePublished":"2022-05-25T20:32:34+00:00","dateModified":"2022-05-31T20:57:22+00:00","breadcrumb":{"@id":"https:\/\/www.hv.com.co\/reportehv2021\/mensaje-del-gerente-general\/#breadcrumb"},"inLanguage":"es-CO","potentialAction":[{"@type":"ReadAction","target":["https:\/\/www.hv.com.co\/reportehv2021\/mensaje-del-gerente-general\/"]}]},{"@type":"ImageObject","inLanguage":"es-CO","@id":"https:\/\/www.hv.com.co\/reportehv2021\/mensaje-del-gerente-general\/#primaryimage","url":"https:\/\/www.hv.com.co\/reportehv2021\/wp-content\/uploads\/2022\/05\/foto-Juan-Carlos-Henao-.png","contentUrl":"https:\/\/www.hv.com.co\/reportehv2021\/wp-content\/uploads\/2022\/05\/foto-Juan-Carlos-Henao-.png","width":520,"height":780},{"@type":"BreadcrumbList","@id":"https:\/\/www.hv.com.co\/reportehv2021\/mensaje-del-gerente-general\/#breadcrumb","itemListElement":[{"@type":"ListItem","position":1,"name":"Home","item":"https:\/\/www.hv.com.co\/reportehv2021\/"},{"@type":"ListItem","position":2,"name":"Mensaje del Gerente General"}]},{"@type":"WebSite","@id":"https:\/\/www.hv.com.co\/reportehv2021\/#website","url":"https:\/\/www.hv.com.co\/reportehv2021\/","name":"En HV construimos sostenibilidad","description":"Reporte de Sostenibilidad HV 2021","publisher":{"@id":"https:\/\/www.hv.com.co\/reportehv2021\/#organization"},"potentialAction":[{"@type":"SearchAction","target":{"@type":"EntryPoint","urlTemplate":"https:\/\/www.hv.com.co\/reportehv2021\/?s={search_term_string}"},"query-input":{"@type":"PropertyValueSpecification","valueRequired":true,"valueName":"search_term_string"}}],"inLanguage":"es-CO"},{"@type":"Organization","@id":"https:\/\/www.hv.com.co\/reportehv2021\/#organization","name":"En HV construimos sostenibilidad","url":"https:\/\/www.hv.com.co\/reportehv2021\/","logo":{"@type":"ImageObject","inLanguage":"es-CO","@id":"https:\/\/www.hv.com.co\/reportehv2021\/#\/schema\/logo\/image\/","url":"https:\/\/www.hv.com.co\/reportehv2021\/wp-content\/uploads\/2021\/08\/Logo-HV.png","contentUrl":"https:\/\/www.hv.com.co\/reportehv2021\/wp-content\/uploads\/2021\/08\/Logo-HV.png","width":711,"height":143,"caption":"En HV construimos sostenibilidad"},"image":{"@id":"https:\/\/www.hv.com.co\/reportehv2021\/#\/schema\/logo\/image\/"},"sameAs":["https:\/\/www.facebook.com\/HarineradelValle\/","https:\/\/www.instagram.com\/harineradelvalle\/","https:\/\/www.linkedin.com\/company\/harinera-del-valle-s-a-\/","https:\/\/www.youtube.com\/channel\/UCX0sw3kP5p7ktUh6i_SNiLg"]}]}},"_links":{"self":[{"href":"https:\/\/www.hv.com.co\/reportehv2021\/wp-json\/wp\/v2\/pages\/1477","targetHints":{"allow":["GET"]}}],"collection":[{"href":"https:\/\/www.hv.com.co\/reportehv2021\/wp-json\/wp\/v2\/pages"}],"about":[{"href":"https:\/\/www.hv.com.co\/reportehv2021\/wp-json\/wp\/v2\/types\/page"}],"author":[{"embeddable":true,"href":"https:\/\/www.hv.com.co\/reportehv2021\/wp-json\/wp\/v2\/users\/1"}],"replies":[{"embeddable":true,"href":"https:\/\/www.hv.com.co\/reportehv2021\/wp-json\/wp\/v2\/comments?post=1477"}],"version-history":[{"count":29,"href":"https:\/\/www.hv.com.co\/reportehv2021\/wp-json\/wp\/v2\/pages\/1477\/revisions"}],"predecessor-version":[{"id":3661,"href":"https:\/\/www.hv.com.co\/reportehv2021\/wp-json\/wp\/v2\/pages\/1477\/revisions\/3661"}],"wp:attachment":[{"href":"https:\/\/www.hv.com.co\/reportehv2021\/wp-json\/wp\/v2\/media?parent=1477"}],"curies":[{"name":"wp","href":"https:\/\/api.w.org\/{rel}","templated":true}]}}