{"id":394,"date":"2017-08-26T00:22:24","date_gmt":"2017-08-26T00:22:24","guid":{"rendered":"http:\/\/www.harineradelvalle.com\/reportehv2016\/?page_id=394"},"modified":"2017-09-12T15:50:04","modified_gmt":"2017-09-12T15:50:04","slug":"entornos-sostenibles-sin-conservantes-artificiales","status":"publish","type":"page","link":"https:\/\/www.hv.com.co\/reportehv2016\/entornos-sostenibles-sin-conservantes-artificiales\/","title":{"rendered":"Entornos sostenibles sin conservantes artificiales"},"content":{"rendered":"[vc_row type=\u00bbfull_width_background\u00bb full_screen_row_position=\u00bbmiddle\u00bb bg_image=\u00bb912&#8243; bg_position=\u00bbcenter center\u00bb bg_repeat=\u00bbno-repeat\u00bb scene_position=\u00bbcenter\u00bb text_color=\u00bblight\u00bb text_align=\u00bbleft\u00bb class=\u00bbtitle-header-responsive\u00bb overlay_strength=\u00bb0.3&#8243;][vc_column column_padding=\u00bbno-extra-padding\u00bb column_padding_position=\u00bball\u00bb background_color_opacity=\u00bb1&#8243; background_hover_color_opacity=\u00bb1&#8243; column_shadow=\u00bbnone\u00bb width=\u00bb1\/1&#8243; tablet_text_alignment=\u00bbdefault\u00bb phone_text_alignment=\u00bbdefault\u00bb column_border_width=\u00bbnone\u00bb column_border_style=\u00bbsolid\u00bb][\/vc_column][\/vc_row][vc_row type=\u00bbfull_width_background\u00bb full_screen_row_position=\u00bbmiddle\u00bb bg_image=\u00bb912&#8243; bg_position=\u00bbcenter center\u00bb bg_repeat=\u00bbno-repeat\u00bb scene_position=\u00bbcenter\u00bb text_color=\u00bblight\u00bb text_align=\u00bbleft\u00bb class=\u00bbtitle-header flex-bottom\u00bb overlay_strength=\u00bb0.3&#8243;][vc_column column_padding=\u00bbno-extra-padding\u00bb column_padding_position=\u00bball\u00bb background_color_opacity=\u00bb1&#8243; background_hover_color_opacity=\u00bb1&#8243; column_shadow=\u00bbnone\u00bb width=\u00bb1\/1&#8243; tablet_text_alignment=\u00bbdefault\u00bb phone_text_alignment=\u00bbdefault\u00bb column_border_width=\u00bbnone\u00bb column_border_style=\u00bbsolid\u00bb][vc_raw_html el_class=\u00bbtitle-highlight-wrapper\u00bb]JTNDaDElM0UlM0NzcGFuJTIwY2xhc3MlM0QlMjJ0aXRpbGUtaGlnaGxpZ2h0JTIwdGl0bGUtaGlnaGxpZ2h0LWxpbmUlMjB0aXRsZS1ib2xkZXIlMjB0aXRsZS1oaWdobGlnaHQtYW1xdWVtYWRvJTIyJTNFRU5UT1JOT1MlM0MlMkZzcGFuJTNFJTNDc3BhbiUyMGNsYXNzJTNEJTIydGl0aWxlLWhpZ2hsaWdodCUyMHRpdGxlLWhpZ2hsaWdodC1saW5lJTIwdGl0bGUtYm9sZGVyJTIwdGl0bGUtaGlnaGxpZ2h0LWFtcXVlbWFkbyUyMiUzRVNPU1RFTklCTEVTJTNDJTJGc3BhbiUzRSUzQ2JyJTNFJTBBJTNDc3BhbiUyMGNsYXNzJTNEJTIydGl0aWxlLWhpZ2hsaWdodCUyMHRpdGxlLWhpZ2hsaWdodC1saW5lJTIwdGl0bGUtaGlnaGxpZ2h0LXJvam8lMjIlM0VTSU4lMjBDT05TRVJWQU5URVMlM0MlMkZzcGFuJTNFJTNDc3BhbiUyMGNsYXNzJTNEJTIydGl0aWxlLWhpZ2hsaWdodCUyMHRpdGxlLWhpZ2hsaWdodC1saW5lJTIwdGl0bGUtaGlnaGxpZ2h0LXJvam8lMjIlM0VBUlRJRklDSUFMRVMlM0MlMkZzcGFuJTNFJTNDJTJGaDElM0U=[\/vc_raw_html][\/vc_column][\/vc_row][vc_row type=\u00bbin_container\u00bb full_screen_row_position=\u00bbmiddle\u00bb scene_position=\u00bbcenter\u00bb text_color=\u00bbdark\u00bb text_align=\u00bbleft\u00bb class=\u00bbpad-b-80&#8243; overlay_strength=\u00bb0.3&#8243;][vc_column column_padding=\u00bbno-extra-padding\u00bb column_padding_position=\u00bball\u00bb background_color_opacity=\u00bb1&#8243; background_hover_color_opacity=\u00bb1&#8243; column_shadow=\u00bbnone\u00bb width=\u00bb1\/1&#8243; tablet_text_alignment=\u00bbdefault\u00bb phone_text_alignment=\u00bbdefault\u00bb column_border_width=\u00bbnone\u00bb column_border_style=\u00bbsolid\u00bb][vc_row_inner equal_height=\u00bbyes\u00bb content_placement=\u00bbtop\u00bb column_margin=\u00bbnone\u00bb text_align=\u00bbleft\u00bb][vc_column_inner enable_animation=\u00bbtrue\u00bb animation=\u00bbreveal-from-left\u00bb column_padding=\u00bbpadding-10-percent\u00bb column_padding_position=\u00bbtop-right\u00bb background_color_opacity=\u00bb1&#8243; width=\u00bb1\/4&#8243; column_border_width=\u00bbnone\u00bb column_border_style=\u00bbsolid\u00bb][vc_column_text]\n<h4 class=\"text-color-azul\">Sostenibilidad Ambiental 2016<\/h4>\n[\/vc_column_text]<div class=\"divider-wrap\"><div style=\"height: 80px;\" class=\"divider\"><\/div><\/div>[vc_column_text]\n<h4 class=\"text-color-azul\">MEDIO AMBIENTE<\/h4>\n<p>Implementar estrategias integrales que fortalezcan el desempe\u00f1o ambiental desde un enfoque que<br \/>\narticule las perspectivas legal, t\u00e9cnica y sociocultural.[\/vc_column_text][\/vc_column_inner][vc_column_inner enable_animation=\u00bbtrue\u00bb animation=\u00bbreveal-from-left\u00bb column_padding=\u00bbpadding-4-percent\u00bb column_padding_position=\u00bball\u00bb background_color=\u00bb#98c5d0&#8243; background_color_opacity=\u00bb1&#8243; el_class=\u00bbmilestone-left\u00bb width=\u00bb3\/4&#8243; column_border_width=\u00bbnone\u00bb column_border_style=\u00bbsolid\u00bb delay=\u00bb200&#8243;][vc_raw_html]JTNDdGFibGUlMjBjbGFzcyUzRCUyMmNpZnJhcyUyMGFtYmllbnRhbCUyMGxpbmUlMjIlM0UlMEElMDklM0N0Ym9keSUzRSUwQSUwOSUwOSUzQ3RyJTNFJTBBJTA5JTA5JTA5JTNDdGglM0VJbmRpY2Fkb3JlcyUyMGFtYmllbnRhbGVzJTNDJTJGdGglM0UlMEElMDklMDklMDklM0N0aCUzRSUzQ3NwYW4lMjBjbGFzcyUzRCUyMnRleHQtY29sb3ItbGlnaHQlMjIlM0UyMDE1JTNDJTJGc3BhbiUzRSUzQyUyRnRoJTNFJTBBJTA5JTA5JTA5JTNDdGglM0UlM0NzcGFuJTIwY2xhc3MlM0QlMjJ0ZXh0LWNvbG9yLWxpZ2h0JTIyJTNFMjAxNiUzQyUyRnNwYW4lM0UlM0MlMkZ0aCUzRSUwQSUwOSUwOSUzQyUyRnRyJTNFJTBBJTA5JTA5JTNDdHIlM0UlMEElMDklMDklMDklM0N0ZCUzRVByb2R1Y2NpJUMzJUIzbiUzQyUyRnRkJTNFJTBBJTA5JTA5JTA5JTNDdGQlM0UlM0NzcGFuJTIwY2xhc3MlM0QlMjJhbmlvJTIyJTNFMjAxNSUzQSUzQyUyRnNwYW4lM0UlM0NzcGFuJTIwY2xhc3MlM0QlMjJjaWZyYSUyMiUzRTI5Ny4wNzclMjB0b24uJTNDJTJGc3BhbiUzRSUzQyUyRnRkJTNFJTBBJTA5JTA5JTA5JTNDdGQlM0UlM0NzcGFuJTIwY2xhc3MlM0QlMjJhbmlvJTIyJTNFMjAxNiUzQSUzQyUyRnNwYW4lM0UlM0NzcGFuJTIwY2xhc3MlM0QlMjJjaWZyYSUyMiUzRTMxNi4zNjglMjB0b24uJTNDJTJGc3BhbiUzRSUzQyUyRnRkJTNFJTBBJTA5JTA5JTNDJTJGdHIlM0UlMEElMDklMDklM0N0ciUzRSUwQSUwOSUwOSUwOSUzQ3RkJTNFTWF0ZXJpYXMlMjBwcmltYXMlM0MlMkZ0ZCUzRSUwQSUwOSUwOSUwOSUzQ3RkJTNFJTNDc3BhbiUyMGNsYXNzJTNEJTIyYW5pbyUyMiUzRTIwMTUlM0ElM0MlMkZzcGFuJTNFJTNDc3BhbiUyMGNsYXNzJTNEJTIyY2lmcmElMjIlM0UyOTguNDkzJTIwdG9uLiUzQyUyRnNwYW4lM0UlM0MlMkZ0ZCUzRSUwQSUwOSUwOSUwOSUzQ3RkJTNFJTNDc3BhbiUyMGNsYXNzJTNEJTIyYW5pbyUyMiUzRTIwMTYlM0ElM0MlMkZzcGFuJTNFJTNDc3BhbiUyMGNsYXNzJTNEJTIyY2lmcmElMjIlM0UzMTcuNjc2JTIwdG9uLiUzQyUyRnNwYW4lM0UlM0MlMkZ0ZCUzRSUwQSUwOSUwOSUzQyUyRnRyJTNFJTBBJTA5JTA5JTNDdHIlM0UlMEElMDklMDklMDklM0N0ZCUzRUNvbnN1bW8lMjBlbmVyZyVDMyVBOXRpY28lMjBkZSUyMHJlZCUyMCUyOGNvbXByYSUyOSUzQyUyRnRkJTNFJTBBJTA5JTA5JTA5JTNDdGQlM0UlM0NzcGFuJTIwY2xhc3MlM0QlMjJhbmlvJTIyJTNFMjAxNSUzQSUzQyUyRnNwYW4lM0UlM0NzcGFuJTIwY2xhc3MlM0QlMjJjaWZyYSUyMiUzRTI4LjI0Ni41NDUlMjBLVyUzQyUyRnNwYW4lM0UlM0MlMkZ0ZCUzRSUwQSUwOSUwOSUwOSUzQ3RkJTNFJTNDc3BhbiUyMGNsYXNzJTNEJTIyYW5pbyUyMiUzRTIwMTYlM0ElM0MlMkZzcGFuJTNFJTNDc3BhbiUyMGNsYXNzJTNEJTIyY2lmcmElMjIlM0UyOS43MTEuMjc1JTIwS1clM0MlMkZzcGFuJTNFJTNDJTJGdGQlM0UlMEElMDklMDklM0MlMkZ0ciUzRSUwQSUwOSUwOSUzQ3RyJTNFJTBBJTA5JTA5JTA5JTNDdGQlM0VFbmVyZyVDMyVBRGElMjAlMjhnZW5lcmFjaSVDMyVCM24lMjklM0MlMkZ0ZCUzRSUwQSUwOSUwOSUwOSUzQ3RkJTNFJTNDc3BhbiUyMGNsYXNzJTNEJTIyYW5pbyUyMiUzRTIwMTUlM0ElM0MlMkZzcGFuJTNFJTNDc3BhbiUyMGNsYXNzJTNEJTIyY2lmcmElMjIlM0UxLjMxNi45NDMlMjBLVyUzQyUyRnNwYW4lM0UlM0MlMkZ0ZCUzRSUwQSUwOSUwOSUwOSUzQ3RkJTNFJTNDc3BhbiUyMGNsYXNzJTNEJTIyYW5pbyUyMiUzRTIwMTYlM0ElM0MlMkZzcGFuJTNFJTNDc3BhbiUyMGNsYXNzJTNEJTIyY2lmcmElMjIlM0UxLjIxMC40ODklMjBLVyUzQyUyRnNwYW4lM0UlM0MlMkZ0ZCUzRSUwQSUwOSUwOSUzQyUyRnRyJTNFJTBBJTA5JTA5JTNDdHIlM0UlMEElMDklMDklMDklM0N0ZCUzRUdhcyUyMG5hdHVyYWwlM0MlMkZ0ZCUzRSUwQSUwOSUwOSUwOSUzQ3RkJTNFJTNDc3BhbiUyMGNsYXNzJTNEJTIyYW5pbyUyMiUzRTIwMTUlM0ElM0MlMkZzcGFuJTNFJTNDc3BhbiUyMGNsYXNzJTNEJTIyY2lmcmElMjIlM0UxLjIyNi45MTMlMjBNMyUzQyUyRnNwYW4lM0UlM0MlMkZ0ZCUzRSUwQSUwOSUwOSUwOSUzQ3RkJTNFJTNDc3BhbiUyMGNsYXNzJTNEJTIyYW5pbyUyMiUzRTIwMTYlM0ElM0MlMkZzcGFuJTNFJTNDc3BhbiUyMGNsYXNzJTNEJTIyY2lmcmElMjIlM0UxLjMyOS42MDklMjBNMyUzQyUyRnNwYW4lM0UlM0MlMkZ0ZCUzRSUwQSUwOSUwOSUzQyUyRnRyJTNFJTBBJTA5JTA5JTNDdHIlM0UlMEElMDklMDklMDklM0N0ZCUzRUFndWElMjBkZSUyMHJlZCUyMGVuJTIwcGxhbnRhJTNDJTJGdGQlM0UlMEElMDklMDklMDklM0N0ZCUzRSUzQ3NwYW4lMjBjbGFzcyUzRCUyMmFuaW8lMjIlM0UyMDE1JTNBJTNDJTJGc3BhbiUzRSUzQ3NwYW4lMjBjbGFzcyUzRCUyMmNpZnJhJTIyJTNFMjUuNjc0JTIwTTMlM0MlMkZzcGFuJTNFJTNDJTJGdGQlM0UlMEElMDklMDklMDklM0N0ZCUzRSUzQ3NwYW4lMjBjbGFzcyUzRCUyMmFuaW8lMjIlM0UyMDE2JTNBJTNDJTJGc3BhbiUzRSUzQ3NwYW4lMjBjbGFzcyUzRCUyMmNpZnJhJTIyJTNFMjQuODY4JTIwTTMlM0MlMkZzcGFuJTNFJTNDJTJGdGQlM0UlMEElMDklMDklM0MlMkZ0ciUzRSUwQSUwOSUwOSUzQ3RyJTNFJTBBJTA5JTA5JTA5JTNDdGQlM0VBZ3VhJTIwc3VidGVyciVDMyVBMW5lYSUyMGVuJTIwcGxhbnRhJTNDJTJGdGQlM0UlMEElMDklMDklMDklM0N0ZCUzRSUzQ3NwYW4lMjBjbGFzcyUzRCUyMmFuaW8lMjIlM0UyMDE1JTNBJTNDJTJGc3BhbiUzRSUzQ3NwYW4lMjBjbGFzcyUzRCUyMmNpZnJhJTIyJTNFMjQuNzA3JTIwTTMlM0MlMkZzcGFuJTNFJTNDJTJGdGQlM0UlMEElMDklMDklMDklM0N0ZCUzRSUzQ3NwYW4lMjBjbGFzcyUzRCUyMmFuaW8lMjIlM0UyMDE2JTNBJTNDJTJGc3BhbiUzRSUzQ3NwYW4lMjBjbGFzcyUzRCUyMmNpZnJhJTIyJTNFMjMuODQyJTIwTTMlM0MlMkZzcGFuJTNFJTNDJTJGdGQlM0UlMEElMDklMDklM0MlMkZ0ciUzRSUwQSUwOSUwOSUzQ3RyJTNFJTBBJTA5JTA5JTA5JTNDdGQlM0VBZ3VhJTIwc3VwZXJmaWNpYWwlMjBlbiUyMHBsYW50YSUzQyUyRnRkJTNFJTBBJTA5JTA5JTA5JTNDdGQlM0UlM0NzcGFuJTIwY2xhc3MlM0QlMjJhbmlvJTIyJTNFMjAxNSUzQSUzQyUyRnNwYW4lM0UlM0NzcGFuJTIwY2xhc3MlM0QlMjJjaWZyYSUyMiUzRTEzLjc3MS4yMTYlMjBNMyUzQyUyRnNwYW4lM0UlM0MlMkZ0ZCUzRSUwQSUwOSUwOSUwOSUzQ3RkJTNFJTNDc3BhbiUyMGNsYXNzJTNEJTIyYW5pbyUyMiUzRTIwMTYlM0ElM0MlMkZzcGFuJTNFJTNDc3BhbiUyMGNsYXNzJTNEJTIyY2lmcmElMjIlM0UxNC4zMTMuMDAxJTIwTTMlM0MlMkZzcGFuJTNFJTNDJTJGdGQlM0UlMEElMDklMDklM0MlMkZ0ciUzRSUwQSUwOSUzQyUyRnRib2R5JTNFJTBBJTNDJTJGdGFibGUlM0U=[\/vc_raw_html][\/vc_column_inner][\/vc_row_inner][vc_row_inner equal_height=\u00bbyes\u00bb content_placement=\u00bbtop\u00bb column_margin=\u00bbnone\u00bb text_align=\u00bbleft\u00bb][vc_column_inner enable_animation=\u00bbtrue\u00bb animation=\u00bbreveal-from-left\u00bb column_padding=\u00bbpadding-10-percent\u00bb column_padding_position=\u00bbtop-right\u00bb background_color_opacity=\u00bb1&#8243; width=\u00bb1\/4&#8243; column_border_width=\u00bbnone\u00bb column_border_style=\u00bbsolid\u00bb][\/vc_column_inner][vc_column_inner enable_animation=\u00bbtrue\u00bb animation=\u00bbreveal-from-left\u00bb column_padding=\u00bbpadding-4-percent\u00bb column_padding_position=\u00bball\u00bb background_color=\u00bb#fcc978&#8243; background_color_opacity=\u00bb1&#8243; el_class=\u00bbmilestone-left\u00bb width=\u00bb3\/4&#8243; column_border_width=\u00bbnone\u00bb column_border_style=\u00bbsolid\u00bb delay=\u00bb400&#8243;][vc_raw_html]JTNDdGFibGUlMjBjbGFzcyUzRCUyMmNpZnJhcyUyMGFtYmllbnRhbCUyMGxpbmUlMjIlM0UlMEElMDklM0N0Ym9keSUzRSUwQSUwOSUwOSUzQ3RyJTNFJTBBJTA5JTA5JTA5JTNDdGglM0VJbmRpY2Fkb3JlcyUyMGFtYmllbnRhbGVzJTNDJTJGdGglM0UlMEElMDklMDklMDklM0N0aCUzRSUzQ3NwYW4lMjBjbGFzcyUzRCUyMnRleHQtY29sb3ItbGlnaHQlMjIlM0UyMDE1JTNDJTJGc3BhbiUzRSUzQyUyRnRoJTNFJTBBJTA5JTA5JTA5JTNDdGglM0UlM0NzcGFuJTIwY2xhc3MlM0QlMjJ0ZXh0LWNvbG9yLWxpZ2h0JTIyJTNFMjAxNiUzQyUyRnNwYW4lM0UlM0MlMkZ0aCUzRSUwQSUwOSUwOSUzQyUyRnRyJTNFJTBBJTA5JTA5JTNDdHIlM0UlMEElMDklMDklMDklM0N0ZCUzRVJlc2lkdW9zJTIwYXByb3ZlY2hhZG9zJTNDJTJGdGQlM0UlMEElMDklMDklMDklM0N0ZCUzRSUzQ3NwYW4lMjBjbGFzcyUzRCUyMmFuaW8lMjIlM0UyMDE1JTNBJTNDJTJGc3BhbiUzRSUzQ3NwYW4lMjBjbGFzcyUzRCUyMmNpZnJhJTIyJTNFMjIwJTIwdG9uLiUzQyUyRnNwYW4lM0UlM0MlMkZ0ZCUzRSUwQSUwOSUwOSUwOSUzQ3RkJTNFJTNDc3BhbiUyMGNsYXNzJTNEJTIyYW5pbyUyMiUzRTIwMTYlM0ElM0MlMkZzcGFuJTNFJTNDc3BhbiUyMGNsYXNzJTNEJTIyY2lmcmElMjIlM0UyNzglMjB0b24uJTNDJTJGc3BhbiUzRSUzQyUyRnRkJTNFJTBBJTA5JTA5JTNDJTJGdHIlM0UlMEElMDklMDklM0N0ciUzRSUwQSUwOSUwOSUwOSUzQ3RkJTNFUmVzaWR1b3MlMjBwZWxpZ3Jvc29zJTJGRXNwZWNpYWxlcyUyMEluY2luZXJhY2klQzMlQjNuJTJGQXByb3ZlY2hhbWllbnRvJTNDJTJGdGQlM0UlMEElMDklMDklMDklM0N0ZCUzRSUzQ3NwYW4lMjBjbGFzcyUzRCUyMmFuaW8lMjIlM0UyMDE1JTNBJTNDJTJGc3BhbiUzRSUzQ3NwYW4lMjBjbGFzcyUzRCUyMmNpZnJhJTIyJTNFMS42JTIwdG9uLiUzQyUyRnNwYW4lM0UlM0MlMkZ0ZCUzRSUwQSUwOSUwOSUwOSUzQ3RkJTNFJTNDc3BhbiUyMGNsYXNzJTNEJTIyYW5pbyUyMiUzRTIwMTYlM0ElM0MlMkZzcGFuJTNFJTNDc3BhbiUyMGNsYXNzJTNEJTIyY2lmcmElMjIlM0UyLjMlMjB0b24uJTNDJTJGc3BhbiUzRSUzQyUyRnRkJTNFJTBBJTA5JTA5JTNDJTJGdHIlM0UlMEElMDklMDklM0N0ciUzRSUwQSUwOSUwOSUwOSUzQ3RkJTNFUmVzaWR1b3MlMjBvcmRpbmFyaW9zJTIwZW52aWFkb3MlMjBhbCUyMHJlbGxlbm8lMjBzYW5pdGFyaW8lM0MlMkZ0ZCUzRSUwQSUwOSUwOSUwOSUzQ3RkJTNFJTNDc3BhbiUyMGNsYXNzJTNEJTIyYW5pbyUyMiUzRTIwMTUlM0ElM0MlMkZzcGFuJTNFJTNDc3BhbiUyMGNsYXNzJTNEJTIyY2lmcmElMjIlM0UxNDIlMjB0b24uJTNDJTJGc3BhbiUzRSUzQyUyRnRkJTNFJTBBJTA5JTA5JTA5JTNDdGQlM0UlM0NzcGFuJTIwY2xhc3MlM0QlMjJhbmlvJTIyJTNFMjAxNiUzQSUzQyUyRnNwYW4lM0UlM0NzcGFuJTIwY2xhc3MlM0QlMjJjaWZyYSUyMiUzRTE1NSUyMHRvbi4lM0MlMkZzcGFuJTNFJTNDJTJGdGQlM0UlMEElMDklMDklM0MlMkZ0ciUzRSUwQSUwOSUzQyUyRnRib2R5JTNFJTBBJTNDJTJGdGFibGUlM0U=[\/vc_raw_html][\/vc_column_inner][\/vc_row_inner][\/vc_column][\/vc_row][vc_row type=\u00bbfull_width_background\u00bb full_screen_row_position=\u00bbmiddle\u00bb bg_color=\u00bb#f6f6f6&#8243; scene_position=\u00bbcenter\u00bb text_color=\u00bbcustom\u00bb text_align=\u00bbleft\u00bb class=\u00bbpad-b-80&#8243; overlay_strength=\u00bb0.3&#8243;][vc_column column_padding=\u00bbno-extra-padding\u00bb column_padding_position=\u00bball\u00bb background_color_opacity=\u00bb1&#8243; background_hover_color_opacity=\u00bb1&#8243; column_shadow=\u00bbnone\u00bb width=\u00bb1\/1&#8243; tablet_text_alignment=\u00bbdefault\u00bb phone_text_alignment=\u00bbdefault\u00bb column_border_width=\u00bbnone\u00bb column_border_style=\u00bbsolid\u00bb][vc_row_inner column_margin=\u00bbdefault\u00bb text_align=\u00bbleft\u00bb][vc_column_inner column_padding=\u00bbno-extra-padding\u00bb column_padding_position=\u00bball\u00bb background_color_opacity=\u00bb1&#8243; width=\u00bb1\/2&#8243; column_border_width=\u00bbnone\u00bb column_border_style=\u00bbsolid\u00bb][vc_column_text]\n<h4 class=\"text-color-azul\">Empaques responsables<\/h4>\n<p>El a\u00f1o 2016 Ingenier\u00eda y Desarrollo de Empaques trabaj\u00f3 constantemente en la eficiencia y reducci\u00f3n de material de empaque de todos sus productos buscando una mayor rentabilidad para las marcas y logrando un aporte a la conservaci\u00f3n del medio ambiente, sin afectar la calidad de sus empaques y producto, cumpliendo as\u00ed con las expectativas del mercado y de los clientes. Se logr\u00f3 una disminuci\u00f3n de gramaje y espesor.[\/vc_column_text][\/vc_column_inner][vc_column_inner column_padding=\u00bbno-extra-padding\u00bb column_padding_position=\u00bball\u00bb background_color_opacity=\u00bb1&#8243; width=\u00bb1\/2&#8243; column_border_width=\u00bbnone\u00bb column_border_style=\u00bbsolid\u00bb][\/vc_column_inner][\/vc_row_inner][vc_row_inner column_margin=\u00bbdefault\u00bb text_align=\u00bbleft\u00bb][vc_column_inner column_padding=\u00bbno-extra-padding\u00bb column_padding_position=\u00bball\u00bb background_color_opacity=\u00bb1&#8243; width=\u00bb1\/1&#8243; column_border_width=\u00bbnone\u00bb column_border_style=\u00bbsolid\u00bb][vc_raw_html]JTNDdGFibGUlMjBjbGFzcyUzRCUyMnRhYmxhLWNvbG9yZXMlMjBkYXJrZXIlMjIlM0UlMEElMDklM0N0ciUzRSUwQSUwOSUwOSUzQ3RoJTNFQ2F0ZWdvciVDMyVBRGElM0MlMkZ0aCUzRSUwQSUwOSUwOSUzQ3RoJTNFTWVqb3JhJTNDJTJGdGglM0UlMEElMDklMDklM0N0aCUzRVJlc3VsdGFkb3MlMjBPYnRlbmlkb3MlM0MlMkZ0aCUzRSUwQSUwOSUzQyUyRnRyJTNFJTBBJTA5JTNDdHIlMjBjbGFzcyUzRCUyMmZpbGEtcm9zYSUyMiUzRSUwQSUwOSUwOSUzQ3RkJTNFJTBBJTA5JTA5JTA5JTNDaDMlMjBjbGFzcyUzRCUyMnRleHQtY29sb3ItbGlnaHQlMjIlM0VCcm93bmllcyUzQyUyRmgzJTNFJTBBJTA5JTA5JTA5JTNDaW1nJTIwc3JjJTNEJTIyaHR0cCUzQSUyRiUyRnd3dy5oYXJpbmVyYWRlbHZhbGxlLmNvbSUyRnJlcG9ydGVodjIwMTYlMkZ3cC1jb250ZW50JTJGdXBsb2FkcyUyRjIwMTclMkYwOCUyRkVtcGFxdWVzLVRhYmxhLUJyb3duaWVzLnBuZyUyMiUyMGFsdCUzRCUyMiUyMiUzRSUwQSUwOSUwOSUzQyUyRnRkJTNFJTBBJTA5JTA5JTNDdGQlM0UlMEElMDklMDklMDklM0NzcGFuJTIwY2xhc3MlM0QlMjJ0ZXh0LWNvbG9yLWxpZ2h0JTIyJTNFRGVsJTIwdXNvJTIwZGUlMjBjYXJ0dWxpbmElMjBkZSUyMGFsdG8lMjBncmFtYWplJTIwc2UlMjBwYXNhJTIwYSUyMGxhJTIwdXRpbGl6YWNpJUMzJUIzbiUyMGRlJTIwdW4lMjBMaW5lciUyMGRlJTIwcGFwZWwlMjBlbiUyMGxhJTIwY2FyYSUyMGV4dGVybmElMjBkZSUyMHVuYSUyMGNhamElMjBjb3JydWdhZGElM0MlMkZzcGFuJTNFJTBBJTA5JTA5JTA5JTNDc3BhbiUyMGNsYXNzJTNEJTIydGV4dC1jb2xvci1saWdodCUyMiUzRVBhc2Ftb3MlMjBkZSUyMHRlbmVyJTIwRGlzcGxheSUyMGltcHJlc28lMjBhbCUyMDEwMCUyNSUyMGElMjB1bmElMjBpbXByZXNpJUMzJUIzbiUyMGNvbiUyMHNvbG8lMjB1biUyMDI5JTI1JTIwZGUlMjB6b25hJTIwaW1wcmVzYSUzQyUyRnNwYW4lM0UlMEElMDklMDklM0MlMkZ0ZCUzRSUwQSUwOSUwOSUzQ3RkJTNFJTBBJTA5JTA5JTA5U2UlMjByZWR1am8lMjB1biUyMDE1JTI1JTIwZWwlMjBjb25zdW1vJTIwZGUlMjBjYXJ0JUMzJUIzbiUyMGVuJTIwbGElMjBDYWphJTIwRGlzcGxheSUyMGVxdWl2YWxlbnRlJTIwYSUyMDcuNSUyMHRvbmVsYWRhcyUyMG1lbm9zJTIwZGUlMjBwYXBlbCUyMGFsJTIwYSVDMyVCMW8uJTIwWSUyMHNlJTIwbG9ncmElMjBvYnRlbmVyJTIwdW4lMjBtZW5vciUyMGNvbnN1bW8lMjBkZSUyMHJlY3Vyc29zJTIwJTI4cGFwZWwlMkMlMjBhZ3VhJTJDJTIwZW5lcmclQzMlQURhJTJDJTIwcXUlQzMlQURtaWNvcyUyQyUyMGV0Yy4lMjkuJTBBJTA5JTA5JTA5RXN0ZSUyMGNhbWJpbyUyMGVxdWl2YWxlJTIwYSUyMDEuMCUyMHRvbmVsYWRhJTIwbWVub3MlMjBkZSUyMHRpbnRhJTIwYWwlMjBhJUMzJUIxby4lMEElMDklMDklM0MlMkZ0ZCUzRSUwQSUwOSUzQyUyRnRyJTNFJTBBJTA5JTNDdHIlMjBjbGFzcyUzRCUyMmZpbGEtdmVyZGUlMjIlM0UlMEElMDklMDklM0N0ZCUzRSUwQSUwOSUwOSUwOSUzQ2gzJTIwY2xhc3MlM0QlMjJ0ZXh0LWNvbG9yLWxpZ2h0JTIyJTNFUHJlbWV6Y2xhcyUzQyUyRmgzJTNFJTBBJTA5JTA5JTA5JTNDaW1nJTIwc3JjJTNEJTIyaHR0cCUzQSUyRiUyRnd3dy5oYXJpbmVyYWRlbHZhbGxlLmNvbSUyRnJlcG9ydGVodjIwMTYlMkZ3cC1jb250ZW50JTJGdXBsb2FkcyUyRjIwMTclMkYwOCUyRkVtcGFxdWVzLVRhYmxhLUhhei1kZS1Pcm9zLnBuZyUyMiUyMGFsdCUzRCUyMiUyMiUzRSUwQSUwOSUwOSUzQyUyRnRkJTNFJTBBJTA5JTA5JTNDdGQlM0UlMEElMDklMDklMDklM0NzcGFuJTIwY2xhc3MlM0QlMjJ0ZXh0LWNvbG9yLWxpZ2h0JTIyJTNFRGlzbWludWNpJUMzJUIzbiUyMGVuJTIwZWwlMjBncmFtYWplJTIwZGUlMjBsYXMlMjAlMjBib2xzYXMlMjBEb3klMjBQYWNrJTIwZGUlMjBQcmVtZXpjbGFzJTIwZmFtaWxpYXJlcyUzQyUyRnNwYW4lM0UlMEElMDklMDklM0MlMkZ0ZCUzRSUwQSUwOSUwOSUzQ3RkJTNFJTBBJTA5JTA5JTA5UmVkdWNjaSVDMyVCM24lMjBkZSUyMHVuJTIwMjYlMjUlMjBtZW5vcyUyMGRlJTIwbWF0ZXJpYWwlMjBwbCVDMyVBMXN0aWNvJTIwbG8lMjBjdWFsJTIwZXF1aXZhbGUlMjBhJTIwNS4wJTIwdG9uZWxhZGFzJTIwbWVub3MlMjBkZSUyMGNvbnN1bW8lMjBkZSUyMG1hdGVyaWFsJTIwcGwlQzMlQTFzdGljbyUyMGFsJTIwYSVDMyVCMW8uJTBBJTA5JTA5JTNDJTJGdGQlM0UlMEElMDklM0MlMkZ0ciUzRSUwQSUwOSUzQ3RyJTIwY2xhc3MlM0QlMjJmaWxhLWF6dWwlMjIlM0UlMEElMDklMDklM0N0ZCUzRSUwQSUwOSUwOSUwOSUzQ2gzJTIwY2xhc3MlM0QlMjJ0ZXh0LWNvbG9yLWxpZ2h0JTIyJTNFUGFzdGFzJTNDJTJGaDMlM0UlMEElMDklMDklMDklM0NpbWclMjBzcmMlM0QlMjJodHRwJTNBJTJGJTJGd3d3LmhhcmluZXJhZGVsdmFsbGUuY29tJTJGcmVwb3J0ZWh2MjAxNiUyRndwLWNvbnRlbnQlMkZ1cGxvYWRzJTJGMjAxNyUyRjA4JTJGRW1wYXF1ZXMtVGFibGEtTGEtTXVuZWNhLnBuZyUyMiUyMGFsdCUzRCUyMiUyMiUzRSUwQSUwOSUwOSUzQyUyRnRkJTNFJTBBJTA5JTA5JTNDdGQlM0UlMEElMDklMDklMDklM0NzcGFuJTIwY2xhc3MlM0QlMjJ0ZXh0LWNvbG9yLWxpZ2h0JTIyJTNFQ2FtYmlvJTIwZGUlMjBzdXN0cmF0byUyMGElMjBjYXJ0dWxpbmFzJTIwZGUlMjBvcmlnZW4lMjBmaWJyYSUyMHZpcmdlbiUyMDEwMCUyNSUyMGRlJTIwY2ElQzMlQjFhJTIwZGUlMjBheiVDMyVCQWNhciUyMGRlJTIwbGElMjBpbmR1c3RyaWElMjBjb2xvbWJpYW5hJTNDJTJGc3BhbiUzRSUwQSUwOSUwOSUzQyUyRnRkJTNFJTBBJTA5JTA5JTNDdGQlM0UlMEElMDklMDklMDlGaWJyYSUyMGFsdGVybmF0aXZhJTIwdG90YWxtZW50ZSUyMHNvc3RlbmlibGUlMjBxdWUlMjBiZW5lZmljaWElMjBhbCUyMG1lZGlvJTIwYW1iaWVudGUuJTBBJTA5JTA5JTA5QXByb3ZlY2hhbWllbnRvJTIwZGUlMjB1biUyMHN1YnByb2R1Y3RvJTIwYWdyb2luZHVzdHJpYWwlMjBjb21vJTIwZXMlMjBlbCUyMGJhZ2F6byUyMGRlJTIwY2ElQzMlQjFhJTIwZGUlMjBheiVDMyVCQWNhci4lMEElMDklMDklMDlFc3RhJTIwZmlicmElMjBubyUyMHJlcXVpZXJlJTIwc2llbWJyYSUyMGRpcmVjdGElMjBwYXJhJTIwb2J0ZW5lcmxhJTIweWElMjBxdWUlMjBlcyUyMGVsJTIwcmVzaWR1byUyMGRlJTIwdW4lMjBwcm9jZXNvJTJDJTIwbm8lMjBsaW1pdGElMjBsYSUyMHByb2R1Y2NpJUMzJUIzbiUyMGRlJTIwYXolQzMlQkFjYXIlMjB5JTIwc3VzJTIwZGVyaXZhZG9zLiUwQSUwOSUwOSUzQyUyRnRkJTNFJTBBJTA5JTNDJTJGdHIlM0UlMEElMDklM0N0ciUyMGNsYXNzJTNEJTIyZmlsYS1wdXJwdXJhJTIyJTNFJTBBJTA5JTA5JTNDdGQlM0UlMEElMDklMDklMDklM0NoMyUyMGNsYXNzJTNEJTIydGV4dC1jb2xvci1saWdodCUyMiUzRUJyb3duaWVzJTNDJTJGaDMlM0UlMEElMDklMDklMDklM0NpbWclMjBzcmMlM0QlMjJodHRwJTNBJTJGJTJGd3d3LmhhcmluZXJhZGVsdmFsbGUuY29tJTJGcmVwb3J0ZWh2MjAxNiUyRndwLWNvbnRlbnQlMkZ1cGxvYWRzJTJGMjAxNyUyRjA4JTJGRW1wYXF1ZXMtVGFibGEtQnJvd25pZXMucG5nJTIyJTIwYWx0JTNEJTIyJTIyJTNFJTBBJTA5JTA5JTNDJTJGdGQlM0UlMEElMDklMDklM0N0ZCUzRSUwQSUwOSUwOSUwOSUzQ3NwYW4lMjBjbGFzcyUzRCUyMnRleHQtY29sb3ItbGlnaHQlMjIlM0VDYW1iaW8lMjBkZSUyMGJhcm5peiUyMFUuVi4lMjBhJTIwYmFybml6JTIwYWN1b3NvJTIwY29tbyUyMHJlY3VicmltaWVudG8lMjBkZSUyMGxhJTA5aW1wcmVzaSVDMyVCM24lMjBkZSUyMGxhcyUyMHBsZWdhZGl6YXMlM0MlMkZzcGFuJTNFJTBBJTA5JTA5JTNDJTJGdGQlM0UlMEElMDklMDklM0N0ZCUzRSUwQSUwOSUwOSUwOUVzdGUlMjBiYXJuaXolMjBlcyUyMG1lbm9zJTIwdm9sJUMzJUExdGlsJTIwZHVyYW50ZSUyMHN1JTIwYXBsaWNhY2klQzMlQjNuJTIweWElMjBxdWUlMjBlc3QlQzMlQTElMjBjb21wdWVzdG8lMjBwb3IlMjB1biUyMDcwJTI1JTIwZGUlMjBhZ3VhJTIwY29udHJpYnV5ZW5kbyUyMGElMjBubyUyMGRlc3RydWlyJTIwbGElMjBjYXBhJTIwZGUlMjBvem9uby4lMEElMDklMDklMDlFbCUyMGJhcm5peiUyMGFjdW9zbyUyMGNvbnN1bWUlMjBtZW5vcyUyMGVuZXJnJUMzJUFEYSUyMHlhJTIwcXVlJTIwbm8lMjB1dGlsaXphJTIwbCVDMyVBMW1wYXJhcyUyMFUuViUyQyUyMGVzdGFzJTIwbCVDMyVBMW1wYXJhcyUyMHRpZW5lJTIwdW4lMjBhbHRvJTIwY29uc3VtbyUyMGVuZXJnJUMzJUE5dGljby4lMEElMDklMDklMDlBbCUyMGNhbWJpYXIlMjBkZSUyMGJhcm5peiUyMFUuVi4lMjBhJTIwYmFybml6JTIwYWN1b3NvJTIwYnVzY2Ftb3MlMjBubyUyMGFmZWN0YXIlMjBsYSUyMHNhbHVkJTIwZGUlMjBsb3MlMjBpbXByZXNvcmVzJTIweWElMjBxdWUlMjBlbCUyMGJhcm5peiUyMFUuVi4lMjBjb250aWVuZSUyMGNvbXB1ZXN0b3MlMjBxdSVDMyVBRG1pY29zJTIwY29tbyUyMGFjcmlsYXRvcyUyMHklMjBiZW56b2Zlbm9uYSUyQyUyMGVzdGElMjAlQzMlQkFsdGltYSUyMGVzJTIwY2FuY2VyJUMzJUFEZ2VuYS4lMEElMDklMDklM0MlMkZ0ZCUzRSUwQSUwOSUzQyUyRnRyJTNFJTA5JTBBJTNDJTJGdGFibGUlM0U=[\/vc_raw_html][\/vc_column_inner][\/vc_row_inner][\/vc_column][\/vc_row][vc_row type=\u00bbin_container\u00bb full_screen_row_position=\u00bbmiddle\u00bb scene_position=\u00bbcenter\u00bb text_color=\u00bbdark\u00bb text_align=\u00bbleft\u00bb overlay_strength=\u00bb0.3&#8243;][vc_column column_padding=\u00bbno-extra-padding\u00bb column_padding_position=\u00bball\u00bb background_color_opacity=\u00bb1&#8243; background_hover_color_opacity=\u00bb1&#8243; column_shadow=\u00bbnone\u00bb width=\u00bb1\/1&#8243; tablet_text_alignment=\u00bbdefault\u00bb phone_text_alignment=\u00bbdefault\u00bb column_border_width=\u00bbnone\u00bb column_border_style=\u00bbsolid\u00bb][vc_row_inner column_margin=\u00bbdefault\u00bb text_align=\u00bbleft\u00bb][vc_column_inner column_padding=\u00bbno-extra-padding\u00bb column_padding_position=\u00bball\u00bb background_color_opacity=\u00bb1&#8243; width=\u00bb1\/2&#8243; column_border_width=\u00bbnone\u00bb column_border_style=\u00bbsolid\u00bb]<div class=\"img-with-aniamtion-wrap center\" data-max-width=\"100%\"><div class=\"inner\"><img data-shadow=\"none\" data-shadow-direction=\"middle\" class=\"img-with-animation \" data-delay=\"0\" height=\"744\" width=\"992\" data-animation=\"fade-in\" src=\"https:\/\/www.hv.com.co\/reportehv2016\/wp-content\/uploads\/2017\/08\/Por-amor-a-dagua1.jpg\" srcset=\"https:\/\/www.hv.com.co\/reportehv2016\/wp-content\/uploads\/2017\/08\/Por-amor-a-dagua1.jpg 992w, https:\/\/www.hv.com.co\/reportehv2016\/wp-content\/uploads\/2017\/08\/Por-amor-a-dagua1-300x225.jpg 300w, https:\/\/www.hv.com.co\/reportehv2016\/wp-content\/uploads\/2017\/08\/Por-amor-a-dagua1-768x576.jpg 768w\" sizes=\"100vw\" alt=\"\" \/><\/div><\/div>[\/vc_column_inner][vc_column_inner column_padding=\u00bbno-extra-padding\u00bb column_padding_position=\u00bball\u00bb background_color_opacity=\u00bb1&#8243; width=\u00bb1\/2&#8243; column_border_width=\u00bbnone\u00bb column_border_style=\u00bbsolid\u00bb]<div class=\"img-with-aniamtion-wrap center\" data-max-width=\"100%\"><div class=\"inner\"><img data-shadow=\"none\" data-shadow-direction=\"middle\" class=\"img-with-animation \" data-delay=\"0\" height=\"744\" width=\"992\" data-animation=\"fade-in\" src=\"https:\/\/www.hv.com.co\/reportehv2016\/wp-content\/uploads\/2017\/08\/Por-amor-a-dagua2.jpg\" srcset=\"https:\/\/www.hv.com.co\/reportehv2016\/wp-content\/uploads\/2017\/08\/Por-amor-a-dagua2.jpg 992w, https:\/\/www.hv.com.co\/reportehv2016\/wp-content\/uploads\/2017\/08\/Por-amor-a-dagua2-300x225.jpg 300w, https:\/\/www.hv.com.co\/reportehv2016\/wp-content\/uploads\/2017\/08\/Por-amor-a-dagua2-768x576.jpg 768w\" sizes=\"100vw\" alt=\"\" \/><\/div><\/div>[\/vc_column_inner][\/vc_row_inner][vc_row_inner column_margin=\u00bbdefault\u00bb text_align=\u00bbleft\u00bb][vc_column_inner column_padding=\u00bbno-extra-padding\u00bb column_padding_position=\u00bball\u00bb background_color_opacity=\u00bb1&#8243; width=\u00bb1\/1&#8243; column_border_width=\u00bbnone\u00bb column_border_style=\u00bbsolid\u00bb][vc_column_text el_class=\u00bbtext-color-gris text-small text-hv\u00bb]Voluntarios HV \u201cPor Amor a Dagua\u201d.[\/vc_column_text][\/vc_column_inner][\/vc_row_inner][vc_row_inner column_margin=\u00bbdefault\u00bb text_align=\u00bbleft\u00bb][vc_column_inner column_padding=\u00bbno-extra-padding\u00bb column_padding_position=\u00bball\u00bb background_color_opacity=\u00bb1&#8243; width=\u00bb2\/3&#8243; column_border_width=\u00bbnone\u00bb column_border_style=\u00bbsolid\u00bb][vc_column_text]\n<h4 class=\"text-color-azul\">Educaci\u00f3n Ambiental<\/h4>\n<p class=\"p1\">Sabemos la importancia de la educaci\u00f3n ambiental entre nuestros colaboradores.<span class=\"Apple-converted-space\">\u00a0 <\/span>No s\u00f3lo el fomento de pr\u00e1cticas que debemos asumir en la casa sino en los espacios de nuestra Organizaci\u00f3n.<span class=\"Apple-converted-space\">\u00a0 <\/span>En el a\u00f1o 2016, hicimos \u00e9nfasis en el cuidado con el caracol africano, en nuestra Planta Dagua, y en las sedes corporativas como en los distritos comerciales de todo el pa\u00eds, abordamos temas como \u201cNo utilices vasos desechables, utiliza tu vaso personal\u201d, \u201cPr\u00e1cticas Ambientales en el D\u00eda del Reciclaje\u201d y \u201cNuestro aporte al Planeta en el D\u00eda del Medio Ambiente\u201d.<\/p>\n[\/vc_column_text][\/vc_column_inner][vc_column_inner column_padding=\u00bbno-extra-padding\u00bb column_padding_position=\u00bball\u00bb background_color_opacity=\u00bb1&#8243; width=\u00bb1\/3&#8243; column_border_width=\u00bbnone\u00bb column_border_style=\u00bbsolid\u00bb][\/vc_column_inner][\/vc_row_inner][\/vc_column][\/vc_row]\n","protected":false},"excerpt":{"rendered":"<p>[vc_row type=\u00bbfull_width_background\u00bb full_screen_row_position=\u00bbmiddle\u00bb bg_image=\u00bb912&#8243; bg_position=\u00bbcenter center\u00bb bg_repeat=\u00bbno-repeat\u00bb scene_position=\u00bbcenter\u00bb text_color=\u00bblight\u00bb text_align=\u00bbleft\u00bb class=\u00bbtitle-header-responsive\u00bb overlay_strength=\u00bb0.3&#8243;][vc_column column_padding=\u00bbno-extra-padding\u00bb column_padding_position=\u00bball\u00bb background_color_opacity=\u00bb1&#8243; background_hover_color_opacity=\u00bb1&#8243; column_shadow=\u00bbnone\u00bb width=\u00bb1\/1&#8243; tablet_text_alignment=\u00bbdefault\u00bb phone_text_alignment=\u00bbdefault\u00bb column_border_width=\u00bbnone\u00bb column_border_style=\u00bbsolid\u00bb][\/vc_column][\/vc_row][vc_row type=\u00bbfull_width_background\u00bb full_screen_row_position=\u00bbmiddle\u00bb bg_image=\u00bb912&#8243; bg_position=\u00bbcenter center\u00bb bg_repeat=\u00bbno-repeat\u00bb scene_position=\u00bbcenter\u00bb text_color=\u00bblight\u00bb&#8230;<\/p>\n","protected":false},"author":1,"featured_media":0,"parent":0,"menu_order":0,"comment_status":"closed","ping_status":"closed","template":"","meta":[],"_links":{"self":[{"href":"https:\/\/www.hv.com.co\/reportehv2016\/wp-json\/wp\/v2\/pages\/394"}],"collection":[{"href":"https:\/\/www.hv.com.co\/reportehv2016\/wp-json\/wp\/v2\/pages"}],"about":[{"href":"https:\/\/www.hv.com.co\/reportehv2016\/wp-json\/wp\/v2\/types\/page"}],"author":[{"embeddable":true,"href":"https:\/\/www.hv.com.co\/reportehv2016\/wp-json\/wp\/v2\/users\/1"}],"replies":[{"embeddable":true,"href":"https:\/\/www.hv.com.co\/reportehv2016\/wp-json\/wp\/v2\/comments?post=394"}],"version-history":[{"count":31,"href":"https:\/\/www.hv.com.co\/reportehv2016\/wp-json\/wp\/v2\/pages\/394\/revisions"}],"predecessor-version":[{"id":913,"href":"https:\/\/www.hv.com.co\/reportehv2016\/wp-json\/wp\/v2\/pages\/394\/revisions\/913"}],"wp:attachment":[{"href":"https:\/\/www.hv.com.co\/reportehv2016\/wp-json\/wp\/v2\/media?parent=394"}],"curies":[{"name":"wp","href":"https:\/\/api.w.org\/{rel}","templated":true}]}}