{"id":129,"date":"2017-08-24T21:04:05","date_gmt":"2017-08-24T21:04:05","guid":{"rendered":"http:\/\/www.harineradelvalle.com\/reportehv2016\/?page_id=129"},"modified":"2017-09-11T16:02:46","modified_gmt":"2017-09-11T16:02:46","slug":"mensaje-del-chef-general","status":"publish","type":"page","link":"https:\/\/www.hv.com.co\/reportehv2016\/mensaje-del-chef-general\/","title":{"rendered":"Mensaje del Chef General"},"content":{"rendered":"[vc_row type=\u00bbfull_width_background\u00bb full_screen_row_position=\u00bbmiddle\u00bb scene_position=\u00bbcenter\u00bb text_color=\u00bbcustom\u00bb text_align=\u00bbleft\u00bb overlay_strength=\u00bb0.3&#8243;][vc_column column_padding=\u00bbno-extra-padding\u00bb column_padding_position=\u00bball\u00bb background_color_opacity=\u00bb1&#8243; background_hover_color_opacity=\u00bb1&#8243; column_shadow=\u00bbnone\u00bb width=\u00bb1\/2&#8243; tablet_text_alignment=\u00bbdefault\u00bb phone_text_alignment=\u00bbdefault\u00bb column_border_width=\u00bbnone\u00bb column_border_style=\u00bbsolid\u00bb]<div class=\"img-with-aniamtion-wrap \" data-max-width=\"100%\"><div class=\"inner\"><img data-shadow=\"none\" data-shadow-direction=\"middle\" class=\"img-with-animation \" data-delay=\"0\" height=\"1280\" width=\"1200\" data-animation=\"fade-in\" src=\"https:\/\/www.hv.com.co\/reportehv2016\/wp-content\/uploads\/2017\/08\/chef-general.jpg\" srcset=\"https:\/\/www.hv.com.co\/reportehv2016\/wp-content\/uploads\/2017\/08\/chef-general.jpg 1200w, https:\/\/www.hv.com.co\/reportehv2016\/wp-content\/uploads\/2017\/08\/chef-general-281x300.jpg 281w, https:\/\/www.hv.com.co\/reportehv2016\/wp-content\/uploads\/2017\/08\/chef-general-768x819.jpg 768w, https:\/\/www.hv.com.co\/reportehv2016\/wp-content\/uploads\/2017\/08\/chef-general-960x1024.jpg 960w\" sizes=\"100vw\" alt=\"\" \/><\/div><\/div>[\/vc_column][vc_column column_padding=\u00bbno-extra-padding\u00bb column_padding_position=\u00bball\u00bb background_color_opacity=\u00bb1&#8243; background_hover_color_opacity=\u00bb1&#8243; column_shadow=\u00bbnone\u00bb width=\u00bb1\/2&#8243; tablet_text_alignment=\u00bbdefault\u00bb phone_text_alignment=\u00bbdefault\u00bb column_border_width=\u00bbnone\u00bb column_border_style=\u00bbsolid\u00bb][split_line_heading]\n<h2 class=\"title-highlight title-highlight-cafe title-bolder\">Mensaje del chef<\/h2>\n<h2 class=\"title-highlight title-highlight-beige title-uppercase\">general<\/h2>\n[\/split_line_heading][vc_column_text css=\u00bb.vc_custom_1503609928051{margin-top: 20px !important;padding-right: 10% !important;}\u00bb]\n<h3 class=\"text-color-azul\">A nuestros grupos de Inter\u00e9s<\/h3>\n<p>2016 fue un a\u00f1o de grandes retos; la tasa de cambio y el precio m\u00e1s bajo en diez a\u00f1os del barril de petr\u00f3leo, fueron factores\u00a0que generaron dificultades en todos los sectores. A nivel local\u00a0el tema de la paz y el desfase en las finanzas del Estado que obligaban\u00a0a una reforma tributaria, fueron las principales noticias\u00a0desde el punto de vista pol\u00edtico. A lo anterior, se sum\u00f3 el paro\u00a0camionero de casi cuarenta y cinco d\u00edas, uno de los mayores en\u00a0nuestra historia y que disminuy\u00f3 de manera sensible el desempe\u00f1o\u00a0de la econom\u00eda. Igualmente, el excesivo verano que vivi\u00f3\u00a0el pa\u00eds por el fen\u00f3meno de El Ni\u00f1o gener\u00f3 un fuerte incremento\u00a0en los costos de la energ\u00eda.[\/vc_column_text][vc_column_text css=\u00bb.vc_custom_1503609020287{margin-top: 20px !important;padding-right: 10% !important;}\u00bb]\n<p class=\"p1\">No obstante, gracias al esfuerzo y dedicaci\u00f3n con la que trabajamos,\u00a0nos adaptamos y seguimos fortaleciendo nuestra sostenibilidad\u00a0a trav\u00e9s de diversos di\u00e1logos y el establecimiento de\u00a0alianzas con nuestros grupos de inter\u00e9s, demostrando que HV\u00a0es una compa\u00f1\u00eda s\u00f3lida y din\u00e1mica que genera eficiencias internas\u00a0para poder responder al mercado.<\/p>\n[\/vc_column_text][vc_column_text css=\u00bb.vc_custom_1503609034466{margin-top: 20px !important;padding-right: 10% !important;}\u00bb]\n<p class=\"p1\">Los logros y aprendizajes que presentamos en este s\u00e9ptimo Reporte\u00a0de Sostenibilidad son producto de un trabajo permanente\u00a0y comprometido con nuestros grupos de inter\u00e9s: accionistas,\u00a0colaboradores, proveedores, clientes, consumidores, comunidad.\u00a0Sabemos que el relacionamiento con ellos nos ha llevado\u00a0a un crecimiento mutuo y a potenciar alianzas que se han ido\u00a0fortaleciendo d\u00eda a d\u00eda. En el marco de nuestra participaci\u00f3n en\u00a0el Pacto Global, hoy ratificamos nuevamente el ineludible compromiso\u00a0de Harinera del Valle por seguir orientando nuestra\u00a0actuaci\u00f3n hacia el cumplimiento de los 10 principios establecidos\u00a0por el Pacto Global de la Organizaci\u00f3n de las Naciones\u00a0Unidas.<\/p>\n[\/vc_column_text][vc_column_text css=\u00bb.vc_custom_1503609042968{margin-top: 20px !important;padding-right: 10% !important;}\u00bb]\n<p class=\"p1\">Contamos con todo el potencial para hacer del 2017 un a\u00f1o\u00a0con calidad superior en nuestros procesos, con un trabajo dedicado\u00a0y fortalecido dirigido a la satisfacci\u00f3n de nuestros clientes\u00a0y consumidores, y con un alto compromiso por la innovaci\u00f3n\u00a0para seguir interactuando y creciendo al lado de nuestros grupos\u00a0de inter\u00e9s.<\/p>\n[\/vc_column_text]<div class=\"img-with-aniamtion-wrap \" data-max-width=\"100%\"><div class=\"inner\"><img data-shadow=\"none\" data-shadow-direction=\"middle\" class=\"img-with-animation \" data-delay=\"0\" height=\"100\" width=\"302\" data-animation=\"fade-in\" src=\"https:\/\/www.hv.com.co\/reportehv2016\/wp-content\/uploads\/2017\/08\/firma-chef-general-1.jpg\" srcset=\"https:\/\/www.hv.com.co\/reportehv2016\/wp-content\/uploads\/2017\/08\/firma-chef-general-1.jpg 302w, https:\/\/www.hv.com.co\/reportehv2016\/wp-content\/uploads\/2017\/08\/firma-chef-general-1-300x99.jpg 300w\" sizes=\"100vw\" alt=\"\" \/><\/div><\/div>[vc_column_text el_class=\u00bbtext-color-gris text-small text-hv\u00bb]Eduardo Urdaneta Wiesner[\/vc_column_text][\/vc_column][\/vc_row]\n","protected":false},"excerpt":{"rendered":"<p>[vc_row type=\u00bbfull_width_background\u00bb full_screen_row_position=\u00bbmiddle\u00bb scene_position=\u00bbcenter\u00bb text_color=\u00bbcustom\u00bb text_align=\u00bbleft\u00bb overlay_strength=\u00bb0.3&#8243;][vc_column column_padding=\u00bbno-extra-padding\u00bb column_padding_position=\u00bball\u00bb background_color_opacity=\u00bb1&#8243; background_hover_color_opacity=\u00bb1&#8243; column_shadow=\u00bbnone\u00bb width=\u00bb1\/2&#8243; tablet_text_alignment=\u00bbdefault\u00bb phone_text_alignment=\u00bbdefault\u00bb column_border_width=\u00bbnone\u00bb column_border_style=\u00bbsolid\u00bb][\/vc_column][vc_column column_padding=\u00bbno-extra-padding\u00bb column_padding_position=\u00bball\u00bb background_color_opacity=\u00bb1&#8243; background_hover_color_opacity=\u00bb1&#8243; column_shadow=\u00bbnone\u00bb width=\u00bb1\/2&#8243; tablet_text_alignment=\u00bbdefault\u00bb phone_text_alignment=\u00bbdefault\u00bb column_border_width=\u00bbnone\u00bb column_border_style=\u00bbsolid\u00bb][split_line_heading] Mensaje del chef&#8230;<\/p>\n","protected":false},"author":1,"featured_media":0,"parent":0,"menu_order":0,"comment_status":"closed","ping_status":"closed","template":"","meta":[],"_links":{"self":[{"href":"https:\/\/www.hv.com.co\/reportehv2016\/wp-json\/wp\/v2\/pages\/129"}],"collection":[{"href":"https:\/\/www.hv.com.co\/reportehv2016\/wp-json\/wp\/v2\/pages"}],"about":[{"href":"https:\/\/www.hv.com.co\/reportehv2016\/wp-json\/wp\/v2\/types\/page"}],"author":[{"embeddable":true,"href":"https:\/\/www.hv.com.co\/reportehv2016\/wp-json\/wp\/v2\/users\/1"}],"replies":[{"embeddable":true,"href":"https:\/\/www.hv.com.co\/reportehv2016\/wp-json\/wp\/v2\/comments?post=129"}],"version-history":[{"count":34,"href":"https:\/\/www.hv.com.co\/reportehv2016\/wp-json\/wp\/v2\/pages\/129\/revisions"}],"predecessor-version":[{"id":741,"href":"https:\/\/www.hv.com.co\/reportehv2016\/wp-json\/wp\/v2\/pages\/129\/revisions\/741"}],"wp:attachment":[{"href":"https:\/\/www.hv.com.co\/reportehv2016\/wp-json\/wp\/v2\/media?parent=129"}],"curies":[{"name":"wp","href":"https:\/\/api.w.org\/{rel}","templated":true}]}}